{"id":6265,"date":"2026-01-15T10:23:50","date_gmt":"2026-01-15T09:23:50","guid":{"rendered":"https:\/\/www.hgb-leipzig.de\/klasseblank\/?page_id=6265"},"modified":"2026-01-15T10:49:33","modified_gmt":"2026-01-15T09:49:33","slug":"running-on-empty-2025","status":"publish","type":"page","link":"https:\/\/www.hgb-leipzig.de\/klasseblank\/?page_id=6265","title":{"rendered":"Running On Empty (2025)"},"content":{"rendered":"<p>&nbsp;<\/p>\n<p><img decoding=\"async\" loading=\"lazy\" class=\"alignnone wp-image-6267\" src=\"https:\/\/www.hgb-leipzig.de\/klasseblank\/wp-content\/uploads\/2026\/01\/IMG_6600-225x300.jpg\" alt=\"\" width=\"654\" height=\"872\" srcset=\"https:\/\/www.hgb-leipzig.de\/klasseblank\/wp-content\/uploads\/2026\/01\/IMG_6600-225x300.jpg 225w, https:\/\/www.hgb-leipzig.de\/klasseblank\/wp-content\/uploads\/2026\/01\/IMG_6600-768x1024.jpg 768w, https:\/\/www.hgb-leipzig.de\/klasseblank\/wp-content\/uploads\/2026\/01\/IMG_6600-1152x1536.jpg 1152w, https:\/\/www.hgb-leipzig.de\/klasseblank\/wp-content\/uploads\/2026\/01\/IMG_6600-1536x2048.jpg 1536w, https:\/\/www.hgb-leipzig.de\/klasseblank\/wp-content\/uploads\/2026\/01\/IMG_6600-scaled.jpg 1920w\" sizes=\"(max-width: 654px) 100vw, 654px\" \/><\/p>\n<p>&nbsp;<\/p>\n<p>&nbsp;<\/p>\n<h1>An exhibition of the <strong>Installation and Space class (HGB Leipzig )<\/strong> at <a href=\"https:\/\/bcma.gallery\/\" target=\"_blank\" rel=\"noopener\"><strong>BcmA Projects Space Berlin<\/strong><\/a><\/h1>\n<h1><strong>Artists: <\/strong><strong>Len Bay, Sofia Egorova, Marie Charlotte Elsner, Naomi Frank, Li Huhn, Dayoung Jung, Franziska K\u00fchn, Marie Seelen, David Schr\u00f6der, Oliver Schulz, Juli Winterstein and Siyan Zhang<\/strong><\/h1>\n<h1><strong>curated by Joachim Blank and Yana Zschiedrich<\/strong><\/h1>\n<h1>Opening: Monday, November 17, 2025, from 6 p.m.<\/h1>\n<h1>November 17 to 29, 2025<br \/>\nBcmA, Audre-Lorde-Str. 78, 10997 Berlin<br \/>\nThursday, Friday 4\u20138 p.m.<br \/>\nSaturday 12 pm\u20135 pm and by appointment<\/h1>\n<h1>RUNNING ON EMPTY roots in a simple premise:<\/h1>\n<h1>Art is a strategy to cope, searching for different forms of resilience.<\/h1>\n<h1>Each artwork in the show starts from the tension between protection and exposure, exhaustion and drive, the need to hold on and stay and the urge to let go and run. Every act of artmaking is a deal &#8211; a negotiation with the world, with visibility, with one\u2019s own limits. It is not only about exchange, but a fragile contract between what we can give and what we must keep. Through this lens, the exhibition aims to become a zone of transformation, a space where personal necessity meets public gesture and where individual approaches take shape.<\/h1>\n<h1><\/h1>\n<h1><img decoding=\"async\" loading=\"lazy\" class=\"alignnone wp-image-6270\" src=\"https:\/\/www.hgb-leipzig.de\/klasseblank\/wp-content\/uploads\/2026\/01\/IMG_6591-225x300.jpeg\" alt=\"\" width=\"454\" height=\"605\" srcset=\"https:\/\/www.hgb-leipzig.de\/klasseblank\/wp-content\/uploads\/2026\/01\/IMG_6591-225x300.jpeg 225w, https:\/\/www.hgb-leipzig.de\/klasseblank\/wp-content\/uploads\/2026\/01\/IMG_6591-768x1024.jpeg 768w, https:\/\/www.hgb-leipzig.de\/klasseblank\/wp-content\/uploads\/2026\/01\/IMG_6591-1152x1536.jpeg 1152w, https:\/\/www.hgb-leipzig.de\/klasseblank\/wp-content\/uploads\/2026\/01\/IMG_6591-1536x2048.jpeg 1536w, https:\/\/www.hgb-leipzig.de\/klasseblank\/wp-content\/uploads\/2026\/01\/IMG_6591-scaled.jpeg 1920w\" sizes=\"(max-width: 454px) 100vw, 454px\" \/>\u00a0 \u00a0 \u00a0<img decoding=\"async\" loading=\"lazy\" class=\"alignnone wp-image-6268\" src=\"https:\/\/www.hgb-leipzig.de\/klasseblank\/wp-content\/uploads\/2026\/01\/IMG_6599-225x300.jpg\" alt=\"\" width=\"453\" height=\"604\" srcset=\"https:\/\/www.hgb-leipzig.de\/klasseblank\/wp-content\/uploads\/2026\/01\/IMG_6599-225x300.jpg 225w, https:\/\/www.hgb-leipzig.de\/klasseblank\/wp-content\/uploads\/2026\/01\/IMG_6599-768x1024.jpg 768w, https:\/\/www.hgb-leipzig.de\/klasseblank\/wp-content\/uploads\/2026\/01\/IMG_6599-1152x1536.jpg 1152w, https:\/\/www.hgb-leipzig.de\/klasseblank\/wp-content\/uploads\/2026\/01\/IMG_6599-1536x2048.jpg 1536w, https:\/\/www.hgb-leipzig.de\/klasseblank\/wp-content\/uploads\/2026\/01\/IMG_6599-scaled.jpg 1920w\" sizes=\"(max-width: 453px) 100vw, 453px\" \/><\/h1>\n<h1><\/h1>\n<h1><img decoding=\"async\" loading=\"lazy\" class=\"alignnone wp-image-6269\" src=\"https:\/\/www.hgb-leipzig.de\/klasseblank\/wp-content\/uploads\/2026\/01\/IMG_6598-225x300.jpeg\" alt=\"\" width=\"455\" height=\"606\" srcset=\"https:\/\/www.hgb-leipzig.de\/klasseblank\/wp-content\/uploads\/2026\/01\/IMG_6598-225x300.jpeg 225w, https:\/\/www.hgb-leipzig.de\/klasseblank\/wp-content\/uploads\/2026\/01\/IMG_6598-768x1024.jpeg 768w, https:\/\/www.hgb-leipzig.de\/klasseblank\/wp-content\/uploads\/2026\/01\/IMG_6598-1152x1536.jpeg 1152w, https:\/\/www.hgb-leipzig.de\/klasseblank\/wp-content\/uploads\/2026\/01\/IMG_6598-1536x2048.jpeg 1536w, https:\/\/www.hgb-leipzig.de\/klasseblank\/wp-content\/uploads\/2026\/01\/IMG_6598-scaled.jpeg 1920w\" sizes=\"(max-width: 455px) 100vw, 455px\" \/> \u00a0\u00a0 \u00a0<img decoding=\"async\" loading=\"lazy\" class=\"alignnone wp-image-6271\" src=\"https:\/\/www.hgb-leipzig.de\/klasseblank\/wp-content\/uploads\/2026\/01\/IMG_6588-225x300.jpeg\" alt=\"\" width=\"455\" height=\"607\" srcset=\"https:\/\/www.hgb-leipzig.de\/klasseblank\/wp-content\/uploads\/2026\/01\/IMG_6588-225x300.jpeg 225w, https:\/\/www.hgb-leipzig.de\/klasseblank\/wp-content\/uploads\/2026\/01\/IMG_6588-768x1024.jpeg 768w, https:\/\/www.hgb-leipzig.de\/klasseblank\/wp-content\/uploads\/2026\/01\/IMG_6588-1152x1536.jpeg 1152w, https:\/\/www.hgb-leipzig.de\/klasseblank\/wp-content\/uploads\/2026\/01\/IMG_6588-1536x2048.jpeg 1536w, https:\/\/www.hgb-leipzig.de\/klasseblank\/wp-content\/uploads\/2026\/01\/IMG_6588-scaled.jpeg 1920w\" sizes=\"(max-width: 455px) 100vw, 455px\" \/><\/h1>\n<h1><\/h1>\n<p>&nbsp;<\/p>\n<h1>Eine Ausstellung der <strong>Klasse Installation und Raum (HGB Leipzig )<\/strong> im <a href=\"https:\/\/bcma.gallery\/\" target=\"_blank\" rel=\"noopener\"><strong>BcmA Projects Space Berlin<\/strong><\/a><\/h1>\n<h1><strong>K\u00fcnstler*innen: Len Bay, Sofia Egorova, Marie Charlotte Elsner, Naomi Frank, Li Huhn, Dayoung Jung, Franziska K\u00fchn, Marie Seelen, David Schr\u00f6der, Oliver Schulz, Juli Winterstein und Siyan Zhang<\/strong><\/h1>\n<h1><strong>kuratiert von Joachim Blank und Yana Zschiedrich<\/strong><\/h1>\n<h1><\/h1>\n<h1>RUNNING ON EMPTY basiert auf einer einfachen Pr\u00e4misse:<\/h1>\n<h1>Kunst ist eine Strategie, um mit verschiedenen Formen von Resilienz umzugehen.<\/h1>\n<h1>Jedes Kunstwerk in der Ausstellung geht von der Spannung zwischen Schutz und Entbl\u00f6\u00dfung, Ersch\u00f6pfung und Antrieb, dem Bed\u00fcrfnis, festzuhalten und zu bleiben, und dem Drang, loszulassen und zu fliehen, aus. Jeder Akt des Kunstmachens ist ein Deal \u2013 eine Verhandlung mit der Welt, mit der Sichtbarkeit, mit den eigenen Grenzen. Es geht nicht nur um Austausch, sondern um einen fragilen Vertrag zwischen dem, was wir geben k\u00f6nnen, und dem, was wir behalten m\u00fcssen. Durch diese Linse m\u00f6chte die Ausstellung zu einem Ort der Transformation werden, einem Raum, in dem pers\u00f6nliche Notwendigkeit auf \u00f6ffentliche Gesten trifft und individuelle Ans\u00e4tze Gestalt annehmen.<\/h1>\n<h1><\/h1>\n<h1>Er\u00f6ffnung: Montag, 17. November 2025 ab 18 Uhr<\/h1>\n<h1>17. bis 29. November 2025<br \/>\nBcmA, Audre-Lorde-Str. 78, 10997 Berlin<br \/>\nDonnerstag, Freitag 16\u201320 Uhr<br \/>\nSamstag 12\u201317 Uhr und nach Vereinbarung<br \/>\n<a href=\"mailto:info@klasseblank.de\">info@klasseblank.de<\/a><\/h1>\n<h1><\/h1>\n","protected":false},"excerpt":{"rendered":"<p>&nbsp; &nbsp; &nbsp; An exhibition of the Installation and Space class (HGB Leipzig ) at BcmA Projects Space Berlin Artists: Len Bay, Sofia Egorova, Marie Charlotte Elsner, Naomi Frank, Li Huhn, Dayoung Jung, Franziska K\u00fchn, Marie Seelen, David Schr\u00f6der, Oliver Schulz, Juli Winterstein and Siyan Zhang curated by Joachim Blank and Yana Zschiedrich Opening: Monday, &hellip; <a href=\"https:\/\/www.hgb-leipzig.de\/klasseblank\/?page_id=6265\">Continued<\/a><\/p>\n","protected":false},"author":1,"featured_media":0,"parent":0,"menu_order":2,"comment_status":"closed","ping_status":"closed","template":"","meta":[],"acf":[],"_links":{"self":[{"href":"https:\/\/www.hgb-leipzig.de\/klasseblank\/index.php?rest_route=\/wp\/v2\/pages\/6265"}],"collection":[{"href":"https:\/\/www.hgb-leipzig.de\/klasseblank\/index.php?rest_route=\/wp\/v2\/pages"}],"about":[{"href":"https:\/\/www.hgb-leipzig.de\/klasseblank\/index.php?rest_route=\/wp\/v2\/types\/page"}],"author":[{"embeddable":true,"href":"https:\/\/www.hgb-leipzig.de\/klasseblank\/index.php?rest_route=\/wp\/v2\/users\/1"}],"replies":[{"embeddable":true,"href":"https:\/\/www.hgb-leipzig.de\/klasseblank\/index.php?rest_route=%2Fwp%2Fv2%2Fcomments&post=6265"}],"version-history":[{"count":7,"href":"https:\/\/www.hgb-leipzig.de\/klasseblank\/index.php?rest_route=\/wp\/v2\/pages\/6265\/revisions"}],"predecessor-version":[{"id":6279,"href":"https:\/\/www.hgb-leipzig.de\/klasseblank\/index.php?rest_route=\/wp\/v2\/pages\/6265\/revisions\/6279"}],"wp:attachment":[{"href":"https:\/\/www.hgb-leipzig.de\/klasseblank\/index.php?rest_route=%2Fwp%2Fv2%2Fmedia&parent=6265"}],"curies":[{"name":"wp","href":"https:\/\/api.w.org\/{rel}","templated":true}]}}