{"id":5927,"date":"2024-09-19T12:48:16","date_gmt":"2024-09-19T10:48:16","guid":{"rendered":"https:\/\/www.hgb-leipzig.de\/klasseblank\/?page_id=5927"},"modified":"2024-09-22T17:46:41","modified_gmt":"2024-09-22T15:46:41","slug":"living-under-the-rock-2024","status":"publish","type":"page","link":"https:\/\/www.hgb-leipzig.de\/klasseblank\/?page_id=5927","title":{"rendered":"Living under the Rock (2024)"},"content":{"rendered":"<h1>Ein Ausstellungsprojekt der Klasse Installation und Raum der HGB Leipzig<br \/>\nim <a href=\"https:\/\/www.instagram.com\/_ikzp_\/\" target=\"_blank\" rel=\"noopener\">Internationalen Kunstzentrum Petersberg\u00a0<\/a><\/h1>\n<h1>Klara Marlene Fischer<br \/>\nLi Huhn<br \/>\nLaila Kamil<br \/>\nBrigita Kasperait\u0117<br \/>\nArno Selle<br \/>\nRia Sch\u00f6neberger<br \/>\nDavid Schr\u00f6der<br \/>\nSvetlana Shilankova<br \/>\nOna Barbora\u00a0\u0160lap\u0161inskait\u0117<br \/>\nLiu Tianxu<\/h1>\n<h1>organisiert von Joachim Blank und Anna Raczynska in Zusammenarbeit mit Fabian Lehmann<\/h1>\n<p>&nbsp;<\/p>\n<h1><img decoding=\"async\" loading=\"lazy\" class=\"alignnone wp-image-5953\" src=\"https:\/\/www.hgb-leipzig.de\/klasseblank\/wp-content\/uploads\/2024\/09\/IMG_2011-225x300.png\" alt=\"\" width=\"418\" height=\"557\" srcset=\"https:\/\/www.hgb-leipzig.de\/klasseblank\/wp-content\/uploads\/2024\/09\/IMG_2011-225x300.png 225w, https:\/\/www.hgb-leipzig.de\/klasseblank\/wp-content\/uploads\/2024\/09\/IMG_2011-768x1024.png 768w, https:\/\/www.hgb-leipzig.de\/klasseblank\/wp-content\/uploads\/2024\/09\/IMG_2011-1152x1536.png 1152w, https:\/\/www.hgb-leipzig.de\/klasseblank\/wp-content\/uploads\/2024\/09\/IMG_2011.png 1500w\" sizes=\"(max-width: 418px) 100vw, 418px\" \/><\/h1>\n<h1>Living under the Rock ist eine ortsspezifische Ausstellung und k\u00fcnstlerische Intervention im ehemaligen, mittlerweile privatisierten Stasibunker in Petersberg bei Halle. Der Bunker ist ein beispielhaftes Modell von f\u00fcnfzehn Bezirksbunkern, die von der DDR-Staatssicherheit\u00a0als Systemarchitektur in den fr\u00fchen 1970er Jahren gebaut wurden. Die F\u00fchrungsbunker sollten in der Zeit des Kalten Kriegs im Fall eines Kriegs und atomaren Angriffs einer Bezirksabteilung der Staatssicherheit etwa acht Tage lang erm\u00f6glichen unter der Erde autark leben und agieren zu k\u00f6nnen. Alle Bunker waren gut getarnt abseits von Gro\u00dfst\u00e4dten in landwirtschaftlich gepr\u00e4gten Zonen versteckt.<\/h1>\n<h1>Der Bunker in Petersberg liegt am Rande eines Dorfes mit Kleing\u00e4rten in einer Wald- und Wiesenumgebung. Wie bei einer &#8220;Blase&#8221; kann die Differenz zwischen Innen und Au\u00dfen kaum gr\u00f6\u00dfer sein. In der Bereitschaftszeit war der Bunker unter der Erde durch eine G\u00e4rtnerei \u00fcber der Erde getarnt. Er wurde f\u00fcr den Ernstfall, der nie eintrat, gebaut, gepflegt und bereit gehalten \u2013 mehr nicht. Nach dem Fall der Mauer in den 90er Jahren wurde er entdeckt, gepl\u00fcndert und von Graffitispr\u00fchern bearbeitet. Jetzt entsteht dort ein Kunstzentrum.<\/h1>\n<h1>Das Sprichwort \u201eunter einem Felsen leben\u201c deutet auf ein Leben in Isolation hin. Der ehemalige Stasi-Bunker, f\u00fcnf Meter unter der Erde gelegen, gebaut, um in Krisenzeiten zu funktionieren, wurde von Anfang an dysfunktional. Ein Ort, der mit der t\u00e4glichen Routine getarnt war, ein Ort, der nicht gefunden werden sollte, und so war er ein isoliertes Objekt des Wissens \u00fcber sich selbst.<\/h1>\n<h1>Heute finden wir einen Ort vor, der vielfach \u00fcberschrieben wurde. Eine Architektur ohne Funktion, ein R\u00fcckzugsort, der aufgrund seiner massiven materiellen Beschaffenheit aus Beton wohl f\u00fcr immer bleiben wird, aber aufgrund der nahezu dysfunktionalen atmosph\u00e4rischen und r\u00e4umlichen Qualit\u00e4t nur schwer anzueignen ist \u2013 ein Negativraum als immersive Installation, horizontal unter die Erde gelegt und dar\u00fcber die wuchernde Natur.<\/h1>\n<h1>Die Arbeiten der K\u00fcnstler*innen n\u00e4hern sich diesem komplexen Ort auf eine intuitive, poetische wie k\u00f6rperliche Weise. Vielf\u00e4ltige \u00dcberlagerungen der historischen, materiellen und sensorischen Spuren unter und \u00fcber der Erde versammeln sich hier in ihrer Vielfalt zu etwas Ganzem, vielleicht einer dritten Landschaft, die nur schwer definierbar, aber somatisch erlebbar ist. Die k\u00fcnstlerischen Beitr\u00e4ge verst\u00e4rken diesen Ort, dem nun f\u00fcr kurze Zeit weitere Schichtungen hinzuf\u00fcgt werden, die den Eindruck der Verfremdung verst\u00e4rken und gleichzeitig die Zuk\u00fcnfte hinterfragen und neue Kontexte f\u00fcr den Ort vorschlagen.<\/h1>\n<p><img decoding=\"async\" loading=\"lazy\" class=\"alignnone wp-image-5952\" src=\"https:\/\/www.hgb-leipzig.de\/klasseblank\/wp-content\/uploads\/2024\/09\/IMG_1940-225x300.png\" alt=\"\" width=\"286\" height=\"381\" srcset=\"https:\/\/www.hgb-leipzig.de\/klasseblank\/wp-content\/uploads\/2024\/09\/IMG_1940-225x300.png 225w, https:\/\/www.hgb-leipzig.de\/klasseblank\/wp-content\/uploads\/2024\/09\/IMG_1940-768x1024.png 768w, https:\/\/www.hgb-leipzig.de\/klasseblank\/wp-content\/uploads\/2024\/09\/IMG_1940-1152x1536.png 1152w, https:\/\/www.hgb-leipzig.de\/klasseblank\/wp-content\/uploads\/2024\/09\/IMG_1940.png 1500w\" sizes=\"(max-width: 286px) 100vw, 286px\" \/> \u00a0\u00a0 <img decoding=\"async\" loading=\"lazy\" class=\"alignnone wp-image-5944\" src=\"https:\/\/www.hgb-leipzig.de\/klasseblank\/wp-content\/uploads\/2024\/09\/IMG_1974-225x300.png\" alt=\"\" width=\"285\" height=\"380\" srcset=\"https:\/\/www.hgb-leipzig.de\/klasseblank\/wp-content\/uploads\/2024\/09\/IMG_1974-225x300.png 225w, https:\/\/www.hgb-leipzig.de\/klasseblank\/wp-content\/uploads\/2024\/09\/IMG_1974-768x1024.png 768w, https:\/\/www.hgb-leipzig.de\/klasseblank\/wp-content\/uploads\/2024\/09\/IMG_1974-1152x1536.png 1152w, https:\/\/www.hgb-leipzig.de\/klasseblank\/wp-content\/uploads\/2024\/09\/IMG_1974.png 1500w\" sizes=\"(max-width: 285px) 100vw, 285px\" \/>+<\/p>\n<p>Svetlana Shilankova<\/p>\n<p>&nbsp;<\/p>\n<p><img decoding=\"async\" loading=\"lazy\" class=\"alignnone wp-image-5943\" src=\"https:\/\/www.hgb-leipzig.de\/klasseblank\/wp-content\/uploads\/2024\/09\/IMG_1985-225x300.png\" alt=\"\" width=\"280\" height=\"373\" srcset=\"https:\/\/www.hgb-leipzig.de\/klasseblank\/wp-content\/uploads\/2024\/09\/IMG_1985-225x300.png 225w, https:\/\/www.hgb-leipzig.de\/klasseblank\/wp-content\/uploads\/2024\/09\/IMG_1985-768x1024.png 768w, https:\/\/www.hgb-leipzig.de\/klasseblank\/wp-content\/uploads\/2024\/09\/IMG_1985-1152x1536.png 1152w, https:\/\/www.hgb-leipzig.de\/klasseblank\/wp-content\/uploads\/2024\/09\/IMG_1985.png 1500w\" sizes=\"(max-width: 280px) 100vw, 280px\" \/> \u00a0\u00a0 <img decoding=\"async\" loading=\"lazy\" class=\"alignnone wp-image-5942\" src=\"https:\/\/www.hgb-leipzig.de\/klasseblank\/wp-content\/uploads\/2024\/09\/IMG_1987-225x300.png\" alt=\"\" width=\"280\" height=\"374\" srcset=\"https:\/\/www.hgb-leipzig.de\/klasseblank\/wp-content\/uploads\/2024\/09\/IMG_1987-225x300.png 225w, https:\/\/www.hgb-leipzig.de\/klasseblank\/wp-content\/uploads\/2024\/09\/IMG_1987-768x1024.png 768w, https:\/\/www.hgb-leipzig.de\/klasseblank\/wp-content\/uploads\/2024\/09\/IMG_1987-1152x1536.png 1152w, https:\/\/www.hgb-leipzig.de\/klasseblank\/wp-content\/uploads\/2024\/09\/IMG_1987.png 1500w\" sizes=\"(max-width: 280px) 100vw, 280px\" \/><\/p>\n<p>Ona Barbora \u0160lap\u0161inskait\u0117, Ria Sch\u00f6neberger<\/p>\n<p>&nbsp;<\/p>\n<p><img decoding=\"async\" loading=\"lazy\" class=\"alignnone  wp-image-5966\" src=\"https:\/\/www.hgb-leipzig.de\/klasseblank\/wp-content\/uploads\/2024\/09\/Brigita_BP8A0386-169x300.png\" alt=\"\" width=\"282\" height=\"501\" srcset=\"https:\/\/www.hgb-leipzig.de\/klasseblank\/wp-content\/uploads\/2024\/09\/Brigita_BP8A0386-169x300.png 169w, https:\/\/www.hgb-leipzig.de\/klasseblank\/wp-content\/uploads\/2024\/09\/Brigita_BP8A0386-576x1024.png 576w, https:\/\/www.hgb-leipzig.de\/klasseblank\/wp-content\/uploads\/2024\/09\/Brigita_BP8A0386-768x1365.png 768w, https:\/\/www.hgb-leipzig.de\/klasseblank\/wp-content\/uploads\/2024\/09\/Brigita_BP8A0386-864x1536.png 864w, https:\/\/www.hgb-leipzig.de\/klasseblank\/wp-content\/uploads\/2024\/09\/Brigita_BP8A0386.png 972w\" sizes=\"(max-width: 282px) 100vw, 282px\" \/> \u00a0 <img decoding=\"async\" loading=\"lazy\" class=\"alignnone  wp-image-5967\" src=\"https:\/\/www.hgb-leipzig.de\/klasseblank\/wp-content\/uploads\/2024\/09\/Brigita_BP8A0433-Edit-169x300.png\" alt=\"\" width=\"281\" height=\"499\" srcset=\"https:\/\/www.hgb-leipzig.de\/klasseblank\/wp-content\/uploads\/2024\/09\/Brigita_BP8A0433-Edit-169x300.png 169w, https:\/\/www.hgb-leipzig.de\/klasseblank\/wp-content\/uploads\/2024\/09\/Brigita_BP8A0433-Edit-576x1024.png 576w, https:\/\/www.hgb-leipzig.de\/klasseblank\/wp-content\/uploads\/2024\/09\/Brigita_BP8A0433-Edit-768x1365.png 768w, https:\/\/www.hgb-leipzig.de\/klasseblank\/wp-content\/uploads\/2024\/09\/Brigita_BP8A0433-Edit-864x1536.png 864w, https:\/\/www.hgb-leipzig.de\/klasseblank\/wp-content\/uploads\/2024\/09\/Brigita_BP8A0433-Edit.png 972w\" sizes=\"(max-width: 281px) 100vw, 281px\" \/><\/p>\n<p>Brigita Kasperait\u0117<\/p>\n<p>&nbsp;<\/p>\n<p><img decoding=\"async\" loading=\"lazy\" class=\"alignnone wp-image-5951\" src=\"https:\/\/www.hgb-leipzig.de\/klasseblank\/wp-content\/uploads\/2024\/09\/IMG_1942-225x300.png\" alt=\"\" width=\"441\" height=\"588\" srcset=\"https:\/\/www.hgb-leipzig.de\/klasseblank\/wp-content\/uploads\/2024\/09\/IMG_1942-225x300.png 225w, https:\/\/www.hgb-leipzig.de\/klasseblank\/wp-content\/uploads\/2024\/09\/IMG_1942-768x1024.png 768w, https:\/\/www.hgb-leipzig.de\/klasseblank\/wp-content\/uploads\/2024\/09\/IMG_1942-1152x1536.png 1152w, https:\/\/www.hgb-leipzig.de\/klasseblank\/wp-content\/uploads\/2024\/09\/IMG_1942.png 1500w\" sizes=\"(max-width: 441px) 100vw, 441px\" \/><\/p>\n<p>Li Huhn<\/p>\n<p>&nbsp;<\/p>\n<p><img decoding=\"async\" loading=\"lazy\" class=\"alignnone wp-image-5949\" src=\"https:\/\/www.hgb-leipzig.de\/klasseblank\/wp-content\/uploads\/2024\/09\/IMG_1953-225x300.png\" alt=\"\" width=\"442\" height=\"589\" srcset=\"https:\/\/www.hgb-leipzig.de\/klasseblank\/wp-content\/uploads\/2024\/09\/IMG_1953-225x300.png 225w, https:\/\/www.hgb-leipzig.de\/klasseblank\/wp-content\/uploads\/2024\/09\/IMG_1953-768x1024.png 768w, https:\/\/www.hgb-leipzig.de\/klasseblank\/wp-content\/uploads\/2024\/09\/IMG_1953-1152x1536.png 1152w, https:\/\/www.hgb-leipzig.de\/klasseblank\/wp-content\/uploads\/2024\/09\/IMG_1953.png 1500w\" sizes=\"(max-width: 442px) 100vw, 442px\" \/><\/p>\n<p>Tianxu Liu<\/p>\n<p>&nbsp;<\/p>\n<p><img decoding=\"async\" loading=\"lazy\" class=\"alignnone wp-image-5947\" src=\"https:\/\/www.hgb-leipzig.de\/klasseblank\/wp-content\/uploads\/2024\/09\/IMG_1957-225x300.png\" alt=\"\" width=\"286\" height=\"381\" srcset=\"https:\/\/www.hgb-leipzig.de\/klasseblank\/wp-content\/uploads\/2024\/09\/IMG_1957-225x300.png 225w, https:\/\/www.hgb-leipzig.de\/klasseblank\/wp-content\/uploads\/2024\/09\/IMG_1957-768x1024.png 768w, https:\/\/www.hgb-leipzig.de\/klasseblank\/wp-content\/uploads\/2024\/09\/IMG_1957-1152x1536.png 1152w, https:\/\/www.hgb-leipzig.de\/klasseblank\/wp-content\/uploads\/2024\/09\/IMG_1957.png 1500w\" sizes=\"(max-width: 286px) 100vw, 286px\" \/> \u00a0 <img decoding=\"async\" loading=\"lazy\" class=\"alignnone wp-image-5948\" src=\"https:\/\/www.hgb-leipzig.de\/klasseblank\/wp-content\/uploads\/2024\/09\/IMG_1955-225x300.png\" alt=\"\" width=\"287\" height=\"383\" srcset=\"https:\/\/www.hgb-leipzig.de\/klasseblank\/wp-content\/uploads\/2024\/09\/IMG_1955-225x300.png 225w, https:\/\/www.hgb-leipzig.de\/klasseblank\/wp-content\/uploads\/2024\/09\/IMG_1955-768x1024.png 768w, https:\/\/www.hgb-leipzig.de\/klasseblank\/wp-content\/uploads\/2024\/09\/IMG_1955-1152x1536.png 1152w, https:\/\/www.hgb-leipzig.de\/klasseblank\/wp-content\/uploads\/2024\/09\/IMG_1955.png 1500w\" sizes=\"(max-width: 287px) 100vw, 287px\" \/><\/p>\n<p>Klara Marlene Fischer<\/p>\n<p>&nbsp;<\/p>\n<p><img decoding=\"async\" loading=\"lazy\" class=\"alignnone wp-image-5945\" src=\"https:\/\/www.hgb-leipzig.de\/klasseblank\/wp-content\/uploads\/2024\/09\/IMG_1960-225x300.png\" alt=\"\" width=\"286\" height=\"381\" srcset=\"https:\/\/www.hgb-leipzig.de\/klasseblank\/wp-content\/uploads\/2024\/09\/IMG_1960-225x300.png 225w, https:\/\/www.hgb-leipzig.de\/klasseblank\/wp-content\/uploads\/2024\/09\/IMG_1960-768x1024.png 768w, https:\/\/www.hgb-leipzig.de\/klasseblank\/wp-content\/uploads\/2024\/09\/IMG_1960-1152x1536.png 1152w, https:\/\/www.hgb-leipzig.de\/klasseblank\/wp-content\/uploads\/2024\/09\/IMG_1960.png 1500w\" sizes=\"(max-width: 286px) 100vw, 286px\" \/>\u00a0 <img decoding=\"async\" loading=\"lazy\" class=\"alignnone wp-image-5946\" src=\"https:\/\/www.hgb-leipzig.de\/klasseblank\/wp-content\/uploads\/2024\/09\/IMG_1958-225x300.png\" alt=\"\" width=\"286\" height=\"381\" srcset=\"https:\/\/www.hgb-leipzig.de\/klasseblank\/wp-content\/uploads\/2024\/09\/IMG_1958-225x300.png 225w, https:\/\/www.hgb-leipzig.de\/klasseblank\/wp-content\/uploads\/2024\/09\/IMG_1958-768x1024.png 768w, https:\/\/www.hgb-leipzig.de\/klasseblank\/wp-content\/uploads\/2024\/09\/IMG_1958-1152x1536.png 1152w, https:\/\/www.hgb-leipzig.de\/klasseblank\/wp-content\/uploads\/2024\/09\/IMG_1958.png 1500w\" sizes=\"(max-width: 286px) 100vw, 286px\" \/><\/p>\n<p>Arno Selle<\/p>\n<p>&nbsp;<\/p>\n<p><img decoding=\"async\" loading=\"lazy\" class=\"alignnone wp-image-5941\" src=\"https:\/\/www.hgb-leipzig.de\/klasseblank\/wp-content\/uploads\/2024\/09\/IMG_1997-225x300.png\" alt=\"\" width=\"463\" height=\"617\" srcset=\"https:\/\/www.hgb-leipzig.de\/klasseblank\/wp-content\/uploads\/2024\/09\/IMG_1997-225x300.png 225w, https:\/\/www.hgb-leipzig.de\/klasseblank\/wp-content\/uploads\/2024\/09\/IMG_1997-768x1024.png 768w, https:\/\/www.hgb-leipzig.de\/klasseblank\/wp-content\/uploads\/2024\/09\/IMG_1997-1152x1536.png 1152w, https:\/\/www.hgb-leipzig.de\/klasseblank\/wp-content\/uploads\/2024\/09\/IMG_1997.png 1500w\" sizes=\"(max-width: 463px) 100vw, 463px\" \/><\/p>\n<p>Laila Kamil<\/p>\n<p>&nbsp;<\/p>\n<p><img decoding=\"async\" loading=\"lazy\" class=\"alignnone wp-image-5940\" src=\"https:\/\/www.hgb-leipzig.de\/klasseblank\/wp-content\/uploads\/2024\/09\/IMG_2005-225x300.png\" alt=\"\" width=\"462\" height=\"615\" srcset=\"https:\/\/www.hgb-leipzig.de\/klasseblank\/wp-content\/uploads\/2024\/09\/IMG_2005-225x300.png 225w, https:\/\/www.hgb-leipzig.de\/klasseblank\/wp-content\/uploads\/2024\/09\/IMG_2005-768x1024.png 768w, https:\/\/www.hgb-leipzig.de\/klasseblank\/wp-content\/uploads\/2024\/09\/IMG_2005-1152x1536.png 1152w, https:\/\/www.hgb-leipzig.de\/klasseblank\/wp-content\/uploads\/2024\/09\/IMG_2005.png 1500w\" sizes=\"(max-width: 462px) 100vw, 462px\" \/><\/p>\n<p>David Schr\u00f6der<\/p>\n<p>&nbsp;<\/p>\n<p>Alle Fotos: Joachim Blank<\/p>\n<p>&nbsp;<\/p>\n<p>&#8212;&#8211; english text &#8212;&#8211;<\/p>\n<p>&nbsp;<\/p>\n<h1>Living under the Rock<\/h1>\n<h1>An exhibition project of the Installation and Space class of the HGB Leipzig<br \/>\nat Internationales Kunstzentrum Petersberg<\/h1>\n<h1>Klara Marlene Fischer<br \/>\nLi Huhn<br \/>\nLaila Kamil<br \/>\nBrigita Kasperait\u0117<br \/>\nArno Selle<br \/>\nRia Sch\u00f6neberger<br \/>\nDavid Schr\u00f6der<br \/>\nSvetlana Shilankova<br \/>\nOna Barbora \u0160lap\u0161inskait\u0117<br \/>\nLiu Tianxu<\/h1>\n<h1>organized by Joachim Blank and Anna Raczynska in collaboration with Fabian Lehmann<\/h1>\n<h1>Living under the Rock is a site-specific exhibition and artistic intervention in the former, now privatized Stasi bunker in Petersberg near Halle. The bunker is an exemplary model of fifteen district bunkers that were built by the GDR State Security as system architecture in the early 1970s. During the Cold War, the command bunkers were intended to enable a district division of the State Security to live and operate self-sufficiently underground for around eight days in the event of a war or nuclear attack. All bunkers were well camouflaged and hidden away from large cities in agricultural areas.<\/h1>\n<h1>The bunker in Petersberg is located on the edge of a village with allotment gardens in a forest and meadow environment. Like a &#8220;bubble&#8221;, the difference between inside and outside could hardly be greater. During the standby period, the bunker was camouflaged underground by a market garden above ground. It was built, maintained and kept ready for emergencies that never happened &#8211; nothing more. After the fall of the Wall in the 1990s, it was discovered, looted and sprayed with graffiti. Now an art center is being built there.<\/h1>\n<h1>The saying living under a rock suggests the meaning of &#8216;a life in isolation\u2019. The former Stasi Bunker, located five meters underground, built to function in the times of crisis, became dysfunctional from the beginning. Location camouflaged with daily routines, a place that shouldn\u2019t been found, and so it was an isolated object from the knowledge about itself.<\/h1>\n<h1>Today, we find a place that has been overwritten many times over. An architecture with a lost function, a place of retreat that will probably remain forever due to its massive concrete materiality, and at the same time is difficult to reappropriate due to its atmospheric and spatial quality &#8211; a negative space as an immersive installation, placed horizontally underground, and nature sprawling above the earth.<\/h1>\n<h1>The artists&#8217; works approach this complex place in an intuitive, poetic and physical way. Diverse superimpositions of historical, material and sensory traces under and above the earth come together here in their diversity to form something whole, perhaps a third landscape that is difficult to define but can be experienced intensely somatically. The artistic contributions reinforce this place, to which further layers are now added for a short time, reinforcing the impression of alienation, and at the same time questioning the futures and suggesting new contexts for the location.<\/h1>\n","protected":false},"excerpt":{"rendered":"<p>Ein Ausstellungsprojekt der Klasse Installation und Raum der HGB Leipzig im Internationalen Kunstzentrum Petersberg\u00a0 Klara Marlene Fischer Li Huhn Laila Kamil Brigita Kasperait\u0117 Arno Selle Ria Sch\u00f6neberger David Schr\u00f6der Svetlana Shilankova Ona Barbora\u00a0\u0160lap\u0161inskait\u0117 Liu Tianxu organisiert von Joachim Blank und Anna Raczynska in Zusammenarbeit mit Fabian Lehmann &nbsp; Living under the Rock ist eine ortsspezifische &hellip; <a href=\"https:\/\/www.hgb-leipzig.de\/klasseblank\/?page_id=5927\">Continued<\/a><\/p>\n","protected":false},"author":1,"featured_media":0,"parent":0,"menu_order":4,"comment_status":"closed","ping_status":"closed","template":"","meta":[],"acf":[],"_links":{"self":[{"href":"https:\/\/www.hgb-leipzig.de\/klasseblank\/index.php?rest_route=\/wp\/v2\/pages\/5927"}],"collection":[{"href":"https:\/\/www.hgb-leipzig.de\/klasseblank\/index.php?rest_route=\/wp\/v2\/pages"}],"about":[{"href":"https:\/\/www.hgb-leipzig.de\/klasseblank\/index.php?rest_route=\/wp\/v2\/types\/page"}],"author":[{"embeddable":true,"href":"https:\/\/www.hgb-leipzig.de\/klasseblank\/index.php?rest_route=\/wp\/v2\/users\/1"}],"replies":[{"embeddable":true,"href":"https:\/\/www.hgb-leipzig.de\/klasseblank\/index.php?rest_route=%2Fwp%2Fv2%2Fcomments&post=5927"}],"version-history":[{"count":12,"href":"https:\/\/www.hgb-leipzig.de\/klasseblank\/index.php?rest_route=\/wp\/v2\/pages\/5927\/revisions"}],"predecessor-version":[{"id":5968,"href":"https:\/\/www.hgb-leipzig.de\/klasseblank\/index.php?rest_route=\/wp\/v2\/pages\/5927\/revisions\/5968"}],"wp:attachment":[{"href":"https:\/\/www.hgb-leipzig.de\/klasseblank\/index.php?rest_route=%2Fwp%2Fv2%2Fmedia&parent=5927"}],"curies":[{"name":"wp","href":"https:\/\/api.w.org\/{rel}","templated":true}]}}