{"id":5762,"date":"2023-10-09T17:59:50","date_gmt":"2023-10-09T15:59:50","guid":{"rendered":"https:\/\/www.hgb-leipzig.de\/klasseblank\/?page_id=5762"},"modified":"2024-09-20T12:14:05","modified_gmt":"2024-09-20T10:14:05","slug":"digging-the-earth-2023","status":"publish","type":"page","link":"https:\/\/www.hgb-leipzig.de\/klasseblank\/?page_id=5762","title":{"rendered":"Digging the Earth (2023)"},"content":{"rendered":"<h1><strong>Digging the Earth<\/strong> war ein Semester- und Ausstellungsprojekt der Klasse Installation und Raum im Sommersemester 2023 auf dem Gel\u00e4nde des <a href=\"http:\/\/www.sunnybrookartcenter.com\" target=\"_blank\" rel=\"noopener\">Sunny Brook Artcenter<\/a> in G\u00f6hrenz, Markranst\u00e4dt bei Leipzig<\/h1>\n<h1 style=\"font-weight: 400;\">Koordinaten: 51.287562794785444, 12.253587298909865<\/h1>\n<h1 style=\"font-weight: 400;\">Dauer: 13.07 &#8211; 23.07.23<\/h1>\n<h1><strong>K\u00fcnstler*innen:<\/strong><\/h1>\n<h1>Morten Bjerre, Samuel Ellinghoven, Lara Hampe, Arvid Jansen, Dayoung Jung, Brigita Kasperait\u0117, Kevin Heather Koen, Kay Lotte Pommer, Oliver Schulz, Lukas Schwarz, Yashar Shirdel, Eszter Sz\u00f6ke, Fiete Worreschk<\/h1>\n<div class=\"hidden\">\n<p><span style=\"font-family: HelveticaNeue; font-size: large;\">Tausend Plateaus &#8211; in der Luft, im Wasser, unter der Erde und in die Erde.<\/span><\/p>\n<p><span style=\"color: #0a0a0a; font-family: HelveticaNeue; font-size: large;\">Die Erde als Material \u2013 der verletzte Globus und der Boden auf dem wir stehen, von dem wir leben, der Grundlage unserer Technosph\u00e4re, den wir in der Tiefe ausbeuten aber auch die Landschaft oder das Gel\u00e4nde dar\u00fcber, \u2026das wir genie\u00dfen. (\u2026)<\/span><\/p>\n<\/div>\n<div class=\"hidden\"><span style=\"font-family: HelveticaNeue; font-size: large;\">Beteiligte(r) K\u00fcnstler*in(nen):<\/span><\/div>\n<div class=\"hidden\"><span style=\"font-family: HelveticaNeue; font-size: large;\">Morten Bjerre, Samuel Ellinghoven, Lara Hampe, Arvid Jansen, Dayoung Jung, Brigita Kasperait\u0117, Lisa Kirchhoff, Kevin Heather Koen, Kay Lotte Pommer, Oliver Schulz, Lukas Schwarz, Yashar Shirdel, Eszter Sz\u00f6ke, Fiete Worreschk\u00a0<\/span><\/div>\n<h1>organisiert und kuratiert von Joachim Blank und Anna Raczynska in Zusammenarbeit mit Markus Heller<\/h1>\n<h1 style=\"font-weight: 400;\">Tausend Plateaus &#8211; in der Luft, im Wasser, unter der Erde und in die Erde. Die Erde als Material \u2013 der verletzte Globus und der Boden auf dem wir stehen, von dem wir leben &#8211; der Grundlage unserer Technosph\u00e4re &#8211; den wir in der Tiefe ausbeuten aber auch die Landschaft oder das Gel\u00e4nde dar\u00fcber&#8230;, das wir genie\u00dfen (&#8230;)<\/h1>\n<p>&nbsp;<\/p>\n<p>Fotos: Joachim Blank<\/p>\n<h1><strong><img decoding=\"async\" loading=\"lazy\" class=\"alignnone wp-image-5783\" src=\"https:\/\/www.hgb-leipzig.de\/klasseblank\/wp-content\/uploads\/2023\/10\/IMG_8178-225x300.png\" alt=\"\" width=\"578\" height=\"771\" srcset=\"https:\/\/www.hgb-leipzig.de\/klasseblank\/wp-content\/uploads\/2023\/10\/IMG_8178-225x300.png 225w, https:\/\/www.hgb-leipzig.de\/klasseblank\/wp-content\/uploads\/2023\/10\/IMG_8178-768x1024.png 768w, https:\/\/www.hgb-leipzig.de\/klasseblank\/wp-content\/uploads\/2023\/10\/IMG_8178.png 960w\" sizes=\"(max-width: 578px) 100vw, 578px\" \/><\/strong><\/h1>\n<p>Fiete Worreschk<\/p>\n<p>&nbsp;<\/p>\n<h1><strong> <img decoding=\"async\" loading=\"lazy\" class=\"alignnone wp-image-5784\" src=\"https:\/\/www.hgb-leipzig.de\/klasseblank\/wp-content\/uploads\/2023\/10\/IMG_8209-225x300.png\" alt=\"\" width=\"577\" height=\"770\" srcset=\"https:\/\/www.hgb-leipzig.de\/klasseblank\/wp-content\/uploads\/2023\/10\/IMG_8209-225x300.png 225w, https:\/\/www.hgb-leipzig.de\/klasseblank\/wp-content\/uploads\/2023\/10\/IMG_8209-768x1024.png 768w, https:\/\/www.hgb-leipzig.de\/klasseblank\/wp-content\/uploads\/2023\/10\/IMG_8209.png 960w\" sizes=\"(max-width: 577px) 100vw, 577px\" \/><\/strong><\/h1>\n<p>Brigita Kasperait\u0117<\/p>\n<p>&nbsp;<\/p>\n<h1><strong><img decoding=\"async\" loading=\"lazy\" class=\"alignnone wp-image-5781\" src=\"https:\/\/www.hgb-leipzig.de\/klasseblank\/wp-content\/uploads\/2023\/10\/IMG_8183-225x300.png\" alt=\"\" width=\"577\" height=\"769\" srcset=\"https:\/\/www.hgb-leipzig.de\/klasseblank\/wp-content\/uploads\/2023\/10\/IMG_8183-225x300.png 225w, https:\/\/www.hgb-leipzig.de\/klasseblank\/wp-content\/uploads\/2023\/10\/IMG_8183-768x1024.png 768w, https:\/\/www.hgb-leipzig.de\/klasseblank\/wp-content\/uploads\/2023\/10\/IMG_8183.png 960w\" sizes=\"(max-width: 577px) 100vw, 577px\" \/><\/strong><\/h1>\n<p>Yashar Schirdel<\/p>\n<p>&nbsp;<\/p>\n<h1><strong><img decoding=\"async\" loading=\"lazy\" class=\"alignnone wp-image-5780\" src=\"https:\/\/www.hgb-leipzig.de\/klasseblank\/wp-content\/uploads\/2023\/10\/IMG_8194-225x300.png\" alt=\"\" width=\"578\" height=\"771\" srcset=\"https:\/\/www.hgb-leipzig.de\/klasseblank\/wp-content\/uploads\/2023\/10\/IMG_8194-225x300.png 225w, https:\/\/www.hgb-leipzig.de\/klasseblank\/wp-content\/uploads\/2023\/10\/IMG_8194-768x1024.png 768w, https:\/\/www.hgb-leipzig.de\/klasseblank\/wp-content\/uploads\/2023\/10\/IMG_8194.png 960w\" sizes=\"(max-width: 578px) 100vw, 578px\" \/><\/strong><\/h1>\n<p>Dayoung Jung<\/p>\n<p>&nbsp;<\/p>\n<h1><img decoding=\"async\" loading=\"lazy\" class=\"alignnone wp-image-5791\" src=\"https:\/\/www.hgb-leipzig.de\/klasseblank\/wp-content\/uploads\/2023\/10\/IMG_8185_b-225x300.png\" alt=\"\" width=\"715\" height=\"954\" srcset=\"https:\/\/www.hgb-leipzig.de\/klasseblank\/wp-content\/uploads\/2023\/10\/IMG_8185_b-225x300.png 225w, https:\/\/www.hgb-leipzig.de\/klasseblank\/wp-content\/uploads\/2023\/10\/IMG_8185_b-768x1024.png 768w, https:\/\/www.hgb-leipzig.de\/klasseblank\/wp-content\/uploads\/2023\/10\/IMG_8185_b.png 960w\" sizes=\"(max-width: 715px) 100vw, 715px\" \/><\/h1>\n<p>Samuel Ellinghoven, Kay Lotte Pommer, Eszter Sz\u00f6ke<\/p>\n<p>&nbsp;<\/p>\n<h1><img decoding=\"async\" loading=\"lazy\" class=\"alignnone wp-image-5779\" style=\"font-size: 14px;\" src=\"https:\/\/www.hgb-leipzig.de\/klasseblank\/wp-content\/uploads\/2023\/10\/IMG_8200-225x300.png\" alt=\"\" width=\"598\" height=\"798\" srcset=\"https:\/\/www.hgb-leipzig.de\/klasseblank\/wp-content\/uploads\/2023\/10\/IMG_8200-225x300.png 225w, https:\/\/www.hgb-leipzig.de\/klasseblank\/wp-content\/uploads\/2023\/10\/IMG_8200-768x1024.png 768w, https:\/\/www.hgb-leipzig.de\/klasseblank\/wp-content\/uploads\/2023\/10\/IMG_8200.png 960w\" sizes=\"(max-width: 598px) 100vw, 598px\" \/><\/h1>\n<p>Samuel Ellinghoven, Kay Lotte Pommer, Eszter Sz\u00f6ke<\/p>\n<p>&nbsp;<\/p>\n<h1><strong><img decoding=\"async\" loading=\"lazy\" class=\"alignnone wp-image-5778\" src=\"https:\/\/www.hgb-leipzig.de\/klasseblank\/wp-content\/uploads\/2023\/10\/IMG_8205-225x300.png\" alt=\"\" width=\"597\" height=\"796\" srcset=\"https:\/\/www.hgb-leipzig.de\/klasseblank\/wp-content\/uploads\/2023\/10\/IMG_8205-225x300.png 225w, https:\/\/www.hgb-leipzig.de\/klasseblank\/wp-content\/uploads\/2023\/10\/IMG_8205-768x1024.png 768w, https:\/\/www.hgb-leipzig.de\/klasseblank\/wp-content\/uploads\/2023\/10\/IMG_8205.png 960w\" sizes=\"(max-width: 597px) 100vw, 597px\" \/><\/strong><\/h1>\n<p>Oliver Schulz<\/p>\n<h1><strong><img decoding=\"async\" loading=\"lazy\" class=\"alignnone wp-image-5777\" src=\"https:\/\/www.hgb-leipzig.de\/klasseblank\/wp-content\/uploads\/2023\/10\/IMG_8208-225x300.png\" alt=\"\" width=\"593\" height=\"791\" srcset=\"https:\/\/www.hgb-leipzig.de\/klasseblank\/wp-content\/uploads\/2023\/10\/IMG_8208-225x300.png 225w, https:\/\/www.hgb-leipzig.de\/klasseblank\/wp-content\/uploads\/2023\/10\/IMG_8208-768x1024.png 768w, https:\/\/www.hgb-leipzig.de\/klasseblank\/wp-content\/uploads\/2023\/10\/IMG_8208.png 960w\" sizes=\"(max-width: 593px) 100vw, 593px\" \/><\/strong><\/h1>\n<p>Oliver Schulz<\/p>\n<p>&nbsp;<\/p>\n<h1><img decoding=\"async\" loading=\"lazy\" class=\"alignnone wp-image-5775\" style=\"font-size: 14px;\" src=\"https:\/\/www.hgb-leipzig.de\/klasseblank\/wp-content\/uploads\/2023\/10\/IMG_8226-300x225.png\" alt=\"\" width=\"741\" height=\"556\" srcset=\"https:\/\/www.hgb-leipzig.de\/klasseblank\/wp-content\/uploads\/2023\/10\/IMG_8226-300x225.png 300w, https:\/\/www.hgb-leipzig.de\/klasseblank\/wp-content\/uploads\/2023\/10\/IMG_8226-1024x768.png 1024w, https:\/\/www.hgb-leipzig.de\/klasseblank\/wp-content\/uploads\/2023\/10\/IMG_8226-768x576.png 768w, https:\/\/www.hgb-leipzig.de\/klasseblank\/wp-content\/uploads\/2023\/10\/IMG_8226.png 1280w\" sizes=\"(max-width: 741px) 100vw, 741px\" \/><\/h1>\n<p>Morten Bjerre<\/p>\n<p>&nbsp;<\/p>\n<h1><img decoding=\"async\" loading=\"lazy\" class=\"alignnone wp-image-5771\" style=\"font-size: 14px;\" src=\"https:\/\/www.hgb-leipzig.de\/klasseblank\/wp-content\/uploads\/2023\/10\/IMG_8218-225x300.png\" alt=\"\" width=\"577\" height=\"769\" srcset=\"https:\/\/www.hgb-leipzig.de\/klasseblank\/wp-content\/uploads\/2023\/10\/IMG_8218-225x300.png 225w, https:\/\/www.hgb-leipzig.de\/klasseblank\/wp-content\/uploads\/2023\/10\/IMG_8218-768x1024.png 768w, https:\/\/www.hgb-leipzig.de\/klasseblank\/wp-content\/uploads\/2023\/10\/IMG_8218.png 960w\" sizes=\"(max-width: 577px) 100vw, 577px\" \/><\/h1>\n<p>Morten Bjerre<\/p>\n<p>&nbsp;<\/p>\n<h1><img decoding=\"async\" loading=\"lazy\" class=\"alignnone wp-image-5769\" style=\"font-size: 14px;\" src=\"https:\/\/www.hgb-leipzig.de\/klasseblank\/wp-content\/uploads\/2023\/10\/IMG_8192-225x300.png\" alt=\"\" width=\"577\" height=\"769\" srcset=\"https:\/\/www.hgb-leipzig.de\/klasseblank\/wp-content\/uploads\/2023\/10\/IMG_8192-225x300.png 225w, https:\/\/www.hgb-leipzig.de\/klasseblank\/wp-content\/uploads\/2023\/10\/IMG_8192-768x1024.png 768w, https:\/\/www.hgb-leipzig.de\/klasseblank\/wp-content\/uploads\/2023\/10\/IMG_8192.png 960w\" sizes=\"(max-width: 577px) 100vw, 577px\" \/><\/h1>\n<p>Arvid Jansen<\/p>\n<p>&nbsp;<\/p>\n<h1><img decoding=\"async\" loading=\"lazy\" class=\"alignnone wp-image-5776\" style=\"font-size: 14px;\" src=\"https:\/\/www.hgb-leipzig.de\/klasseblank\/wp-content\/uploads\/2023\/10\/IMG_8180-225x300.png\" alt=\"\" width=\"579\" height=\"772\" srcset=\"https:\/\/www.hgb-leipzig.de\/klasseblank\/wp-content\/uploads\/2023\/10\/IMG_8180-225x300.png 225w, https:\/\/www.hgb-leipzig.de\/klasseblank\/wp-content\/uploads\/2023\/10\/IMG_8180-768x1024.png 768w, https:\/\/www.hgb-leipzig.de\/klasseblank\/wp-content\/uploads\/2023\/10\/IMG_8180.png 960w\" sizes=\"(max-width: 579px) 100vw, 579px\" \/><\/h1>\n<p>Kevin Heather Koen<\/p>\n<p>&nbsp;<\/p>\n<p><img decoding=\"async\" loading=\"lazy\" class=\"alignnone wp-image-5782\" src=\"https:\/\/www.hgb-leipzig.de\/klasseblank\/wp-content\/uploads\/2023\/10\/IMG_8230-225x300.png\" alt=\"\" width=\"582\" height=\"776\" srcset=\"https:\/\/www.hgb-leipzig.de\/klasseblank\/wp-content\/uploads\/2023\/10\/IMG_8230-225x300.png 225w, https:\/\/www.hgb-leipzig.de\/klasseblank\/wp-content\/uploads\/2023\/10\/IMG_8230-768x1024.png 768w, https:\/\/www.hgb-leipzig.de\/klasseblank\/wp-content\/uploads\/2023\/10\/IMG_8230.png 960w\" sizes=\"(max-width: 582px) 100vw, 582px\" \/><\/p>\n<p>Lara Hampe<\/p>\n<p>&nbsp;<\/p>\n<h1><img decoding=\"async\" loading=\"lazy\" class=\"alignnone wp-image-5770\" style=\"font-size: 14px;\" src=\"https:\/\/www.hgb-leipzig.de\/klasseblank\/wp-content\/uploads\/2023\/10\/IMG_8195-225x300.png\" alt=\"\" width=\"579\" height=\"772\" srcset=\"https:\/\/www.hgb-leipzig.de\/klasseblank\/wp-content\/uploads\/2023\/10\/IMG_8195-225x300.png 225w, https:\/\/www.hgb-leipzig.de\/klasseblank\/wp-content\/uploads\/2023\/10\/IMG_8195-768x1024.png 768w, https:\/\/www.hgb-leipzig.de\/klasseblank\/wp-content\/uploads\/2023\/10\/IMG_8195.png 960w\" sizes=\"(max-width: 579px) 100vw, 579px\" \/><\/h1>\n<p>Dayoung Jung<\/p>\n<h1><img decoding=\"async\" loading=\"lazy\" class=\"alignnone wp-image-5773\" style=\"font-size: 14px;\" src=\"https:\/\/www.hgb-leipzig.de\/klasseblank\/wp-content\/uploads\/2023\/10\/IMG_8236-225x300.png\" alt=\"\" width=\"582\" height=\"776\" srcset=\"https:\/\/www.hgb-leipzig.de\/klasseblank\/wp-content\/uploads\/2023\/10\/IMG_8236-225x300.png 225w, https:\/\/www.hgb-leipzig.de\/klasseblank\/wp-content\/uploads\/2023\/10\/IMG_8236-768x1024.png 768w, https:\/\/www.hgb-leipzig.de\/klasseblank\/wp-content\/uploads\/2023\/10\/IMG_8236.png 960w\" sizes=\"(max-width: 582px) 100vw, 582px\" \/><\/h1>\n<p>Fiete Worreschk<\/p>\n<h1 style=\"font-weight: 400;\"><\/h1>\n","protected":false},"excerpt":{"rendered":"<p>Digging the Earth war ein Semester- und Ausstellungsprojekt der Klasse Installation und Raum im Sommersemester 2023 auf dem Gel\u00e4nde des Sunny Brook Artcenter in G\u00f6hrenz, Markranst\u00e4dt bei Leipzig Koordinaten: 51.287562794785444, 12.253587298909865 Dauer: 13.07 &#8211; 23.07.23 K\u00fcnstler*innen: Morten Bjerre, Samuel Ellinghoven, Lara Hampe, Arvid Jansen, Dayoung Jung, Brigita Kasperait\u0117, Kevin Heather Koen, Kay Lotte Pommer, Oliver &hellip; <a href=\"https:\/\/www.hgb-leipzig.de\/klasseblank\/?page_id=5762\">Continued<\/a><\/p>\n","protected":false},"author":1,"featured_media":0,"parent":0,"menu_order":6,"comment_status":"closed","ping_status":"closed","template":"","meta":[],"acf":[],"_links":{"self":[{"href":"https:\/\/www.hgb-leipzig.de\/klasseblank\/index.php?rest_route=\/wp\/v2\/pages\/5762"}],"collection":[{"href":"https:\/\/www.hgb-leipzig.de\/klasseblank\/index.php?rest_route=\/wp\/v2\/pages"}],"about":[{"href":"https:\/\/www.hgb-leipzig.de\/klasseblank\/index.php?rest_route=\/wp\/v2\/types\/page"}],"author":[{"embeddable":true,"href":"https:\/\/www.hgb-leipzig.de\/klasseblank\/index.php?rest_route=\/wp\/v2\/users\/1"}],"replies":[{"embeddable":true,"href":"https:\/\/www.hgb-leipzig.de\/klasseblank\/index.php?rest_route=%2Fwp%2Fv2%2Fcomments&post=5762"}],"version-history":[{"count":15,"href":"https:\/\/www.hgb-leipzig.de\/klasseblank\/index.php?rest_route=\/wp\/v2\/pages\/5762\/revisions"}],"predecessor-version":[{"id":5962,"href":"https:\/\/www.hgb-leipzig.de\/klasseblank\/index.php?rest_route=\/wp\/v2\/pages\/5762\/revisions\/5962"}],"wp:attachment":[{"href":"https:\/\/www.hgb-leipzig.de\/klasseblank\/index.php?rest_route=%2Fwp%2Fv2%2Fmedia&parent=5762"}],"curies":[{"name":"wp","href":"https:\/\/api.w.org\/{rel}","templated":true}]}}