{"id":4591,"date":"2021-02-22T14:34:24","date_gmt":"2021-02-22T13:34:24","guid":{"rendered":"http:\/\/www.hgb-leipzig.de\/klasseblank\/?page_id=4591"},"modified":"2021-05-04T19:25:59","modified_gmt":"2021-05-04T17:25:59","slug":"museumfuernaturkun-de-2020-2021","status":"publish","type":"page","link":"https:\/\/www.hgb-leipzig.de\/klasseblank\/?page_id=4591","title":{"rendered":"Museumfuernaturkun.de (2020 \u2013 2021)"},"content":{"rendered":"<h1><a href=\"http:\/\/www.museumfuernaturkun.de\/\">museumfuernaturkun.de<\/a><\/h1>\n<p><strong>Ein digitales Ausstellungsprojekt der Klasse f\u00fcr Installation und Raum im Zusammenarbeit mit \u00a0<em><a href=\"http:\/\/www.postdocumenta.net\" target=\"_blank\" rel=\"noopener noreferrer\">p o\u00a0 s\u00a0 \u00a0t\u00a0 documenta: contemporary arts as territorial<\/a><a href=\"http:\/\/www.postdocumenta.net\" target=\"_blank\" rel=\"noopener noreferrer\"> agencies<\/a><\/em><\/strong><\/p>\n<p>&nbsp;<\/p>\n<p><img decoding=\"async\" loading=\"lazy\" class=\"alignnone size-large wp-image-4614\" src=\"https:\/\/www.hgb-leipzig.de\/klasseblank\/wp-content\/uploads\/2021\/02\/Bildschirmfoto-2021-02-12-um-11.09-1024x516.jpeg\" alt=\"\" width=\"1024\" height=\"516\" srcset=\"https:\/\/www.hgb-leipzig.de\/klasseblank\/wp-content\/uploads\/2021\/02\/Bildschirmfoto-2021-02-12-um-11.09-1024x516.jpeg 1024w, https:\/\/www.hgb-leipzig.de\/klasseblank\/wp-content\/uploads\/2021\/02\/Bildschirmfoto-2021-02-12-um-11.09-300x151.jpeg 300w, https:\/\/www.hgb-leipzig.de\/klasseblank\/wp-content\/uploads\/2021\/02\/Bildschirmfoto-2021-02-12-um-11.09-768x387.jpeg 768w\" sizes=\"(max-width: 1024px) 100vw, 1024px\" \/><\/p>\n<p>screenshot: museumfuernaturkun.de:\u00a0<span class=\"indent-8 txt-blue\"><a href=\"https:\/\/www.hgb-leipzig.de\/museumfuernaturkunde\/projects\/celestial-bodies\">Celestial bodies <\/a><\/span>by Julia Gerke<\/p>\n<p>&nbsp;<\/p>\n<h1>Teilnehmende K\u00fcnstler:innen:<\/h1>\n<h1>Alina Biriukova, Melina Brass, Christos Fousekis, Alicia Franzke, Julia Gerke, Christian Holze, \u00a0Lisa Kirchhoff, Nora Jil Helga, Fabian Lehmann, Tianxu Liu, Snow Paik, Sophie Constanze Polheim, Kay Lotte Pommer, Fiete Worreschk<\/h1>\n<div>\n<h1>Entwicklung:<br \/>\nTam\u00e1s P\u00e1ll<\/h1>\n<h1>Konzept:<br \/>\nJoachim Blank, Carsten Saeger<\/h1>\n<\/div>\n<p>&nbsp;<\/p>\n<h1>Info:<\/h1>\n<h1>Der Ort des Naturkundemuseums zeigt auf unterschiedliche Weise Formen des \u00dcberlebens und der Anpassung in der Tier-, Pflanzen- und Menschenwelt, die oft \u00fcber Leben und Tod entscheiden. Auch Institutionen wie Museen, Galerien und Akteur:innen der Kunstwelt sind gezwungen, sich mit der aktuellen Krise und ihren Auswirkungen auseinanderzusetzen: Sie weiten ihre Angebote auf den virtuellen Erfahrungsraum aus. Das daraus resultierende kurzfristige \u00dcberangebot an digitalen Artefakten scheint dabei den ohnehin gef\u00e4hrdeten Kunstgenuss noch mehr zu \u00fcberlagern. Es wird nun immer deutlicher, wie sich diese Institutionen und ihre Produzent:innen, namentlich die K\u00fcnstler:innen, den Verwertungsstrategien weniger Online-Unternehmen zu unterwerfen scheinen. Mit diesem Projekt fragen wir uns, wie eine &#8220;digitale Institutionskritik&#8221; formuliert werden kann.<\/h1>\n<h1>Der Spruch &#8220;Survival of the Fittest&#8221; (Herbert Spencer) steht dabei symbolisch f\u00fcr den aktuellen Kampf um Aufmerksamkeit und den daraus resultierenden reflexiven Umgang mit Kunst. Gleichzeitig setzt der Prozess der Digitalisierung unz\u00e4hlige Ressourcen frei, die hier als Inspiration f\u00fcr die eigene k\u00fcnstlerische Praxis dienen und in die wir am konkreten Beispiel des Museums f\u00fcr Naturkunde Berlin digital intervenieren wollen. \u00dcber die k\u00fcnstlerische Aneignung seiner digitalen Ressourcen hinaus reflektiert dieses Projekt auch das museale Narrativ von Naturgeschichte: eine Top-Down-Narrativ unter Zuhilfenahme von toten Subjekten.<\/h1>\n<p>&nbsp;<\/p>\n<p>&nbsp;<\/p>\n<p>&nbsp;<\/p>\n<p><img decoding=\"async\" loading=\"lazy\" class=\"alignnone size-large wp-image-4615\" src=\"https:\/\/www.hgb-leipzig.de\/klasseblank\/wp-content\/uploads\/2021\/02\/Bildschirmfoto-2021-02-12-um-12.53-1024x549.jpeg\" alt=\"\" width=\"1024\" height=\"549\" srcset=\"https:\/\/www.hgb-leipzig.de\/klasseblank\/wp-content\/uploads\/2021\/02\/Bildschirmfoto-2021-02-12-um-12.53-1024x549.jpeg 1024w, https:\/\/www.hgb-leipzig.de\/klasseblank\/wp-content\/uploads\/2021\/02\/Bildschirmfoto-2021-02-12-um-12.53-300x161.jpeg 300w, https:\/\/www.hgb-leipzig.de\/klasseblank\/wp-content\/uploads\/2021\/02\/Bildschirmfoto-2021-02-12-um-12.53-768x412.jpeg 768w\" sizes=\"(max-width: 1024px) 100vw, 1024px\" \/><\/p>\n<p>screenshot: museumfuernaturkun.de :\u00a0<span class=\"indent-8 txt-blue\"><a href=\"https:\/\/www.hgb-leipzig.de\/museumfuernaturkunde\/projects\/luxuriant-garden-of-eternal-night\">Luxuriant Garden of Eternal Night <\/a><\/span>by Alicia Franzke<\/p>\n<p>&nbsp;<\/p>\n<p><img decoding=\"async\" loading=\"lazy\" class=\"alignnone size-large wp-image-4617\" src=\"https:\/\/www.hgb-leipzig.de\/klasseblank\/wp-content\/uploads\/2021\/02\/Bildschirmfoto-2021-02-12-um-10.19-1024x531.jpeg\" alt=\"\" width=\"1024\" height=\"531\" srcset=\"https:\/\/www.hgb-leipzig.de\/klasseblank\/wp-content\/uploads\/2021\/02\/Bildschirmfoto-2021-02-12-um-10.19-1024x531.jpeg 1024w, https:\/\/www.hgb-leipzig.de\/klasseblank\/wp-content\/uploads\/2021\/02\/Bildschirmfoto-2021-02-12-um-10.19-300x156.jpeg 300w, https:\/\/www.hgb-leipzig.de\/klasseblank\/wp-content\/uploads\/2021\/02\/Bildschirmfoto-2021-02-12-um-10.19-768x398.jpeg 768w\" sizes=\"(max-width: 1024px) 100vw, 1024px\" \/><\/p>\n<p>screenshot: museumfuernaturkun.de: <a href=\"https:\/\/www.hgb-leipzig.de\/museumfuernaturkunde\/projects\/my-survival-routine\">MY SURVIVAL ROUTINE &amp; HUNTING<\/a> by Lisa Kirchhoff<\/p>\n<p>&nbsp;<\/p>\n<p><img decoding=\"async\" loading=\"lazy\" class=\"alignnone size-large wp-image-4612\" src=\"https:\/\/www.hgb-leipzig.de\/klasseblank\/wp-content\/uploads\/2021\/02\/Bildschirmfoto-2021-02-12-um-10.12.52-1024x525.png\" alt=\"\" width=\"1024\" height=\"525\" srcset=\"https:\/\/www.hgb-leipzig.de\/klasseblank\/wp-content\/uploads\/2021\/02\/Bildschirmfoto-2021-02-12-um-10.12.52-1024x525.png 1024w, https:\/\/www.hgb-leipzig.de\/klasseblank\/wp-content\/uploads\/2021\/02\/Bildschirmfoto-2021-02-12-um-10.12.52-300x154.png 300w, https:\/\/www.hgb-leipzig.de\/klasseblank\/wp-content\/uploads\/2021\/02\/Bildschirmfoto-2021-02-12-um-10.12.52-768x394.png 768w\" sizes=\"(max-width: 1024px) 100vw, 1024px\" \/><\/p>\n<p>screenshot: museumfuernaturkun.de: <span class=\"indent-8 txt-blue\"><a href=\"https:\/\/www.hgb-leipzig.de\/museumfuernaturkunde\/projects\/today-were-going-to-the-naturkundemuseum\">Today we&#8217;re going to the Naturkundemuseum <\/a><\/span>by Melina Brass<\/p>\n<p>&nbsp;<\/p>\n<p><img decoding=\"async\" loading=\"lazy\" class=\"alignnone size-large wp-image-4618\" src=\"https:\/\/www.hgb-leipzig.de\/klasseblank\/wp-content\/uploads\/2021\/02\/mind-game-1024x640.jpeg\" alt=\"\" width=\"1024\" height=\"640\" srcset=\"https:\/\/www.hgb-leipzig.de\/klasseblank\/wp-content\/uploads\/2021\/02\/mind-game-1024x640.jpeg 1024w, https:\/\/www.hgb-leipzig.de\/klasseblank\/wp-content\/uploads\/2021\/02\/mind-game-300x188.jpeg 300w, https:\/\/www.hgb-leipzig.de\/klasseblank\/wp-content\/uploads\/2021\/02\/mind-game-768x480.jpeg 768w\" sizes=\"(max-width: 1024px) 100vw, 1024px\" \/><\/p>\n<p>screenshot: museumfuernaturkun.de: <span class=\"indent-8 txt-blue\"><a href=\"https:\/\/www.hgb-leipzig.de\/museumfuernaturkunde\/projects\/parallel-nature\">Parallel Nature <\/a><\/span>by Tianxu Liu<\/p>\n<p>&nbsp;<\/p>\n<p><img decoding=\"async\" loading=\"lazy\" class=\"alignnone size-large wp-image-4616\" src=\"https:\/\/www.hgb-leipzig.de\/klasseblank\/wp-content\/uploads\/2021\/02\/Bildschirmfoto-2021-02-12-um-11.17-1024x518.jpeg\" alt=\"\" width=\"1024\" height=\"518\" srcset=\"https:\/\/www.hgb-leipzig.de\/klasseblank\/wp-content\/uploads\/2021\/02\/Bildschirmfoto-2021-02-12-um-11.17-1024x518.jpeg 1024w, https:\/\/www.hgb-leipzig.de\/klasseblank\/wp-content\/uploads\/2021\/02\/Bildschirmfoto-2021-02-12-um-11.17-300x152.jpeg 300w, https:\/\/www.hgb-leipzig.de\/klasseblank\/wp-content\/uploads\/2021\/02\/Bildschirmfoto-2021-02-12-um-11.17-768x388.jpeg 768w\" sizes=\"(max-width: 1024px) 100vw, 1024px\" \/><\/p>\n<p>screenshot: museumfuernaturkun.de: <span class=\"indent-8 txt-blue\"><a href=\"https:\/\/www.hgb-leipzig.de\/museumfuernaturkunde\/projects\/effigy-through-the-seasons\">Effigy through the seasons<\/a> <\/span>by <span class=\"indent-7 txt-green\"><a href=\"https:\/\/www.hgb-leipzig.de\/klasseblank\/?cat=284\" target=\"_blank\" rel=\"noopener noreferrer\">Fiete Worreschk<\/a><\/span><\/p>\n","protected":false},"excerpt":{"rendered":"<p>museumfuernaturkun.de Ein digitales Ausstellungsprojekt der Klasse f\u00fcr Installation und Raum im Zusammenarbeit mit \u00a0p o\u00a0 s\u00a0 \u00a0t\u00a0 documenta: contemporary arts as territorial agencies &nbsp; screenshot: museumfuernaturkun.de:\u00a0Celestial bodies by Julia Gerke &nbsp; Teilnehmende K\u00fcnstler:innen: Alina Biriukova, Melina Brass, Christos Fousekis, Alicia Franzke, Julia Gerke, Christian Holze, \u00a0Lisa Kirchhoff, Nora Jil Helga, Fabian Lehmann, Tianxu Liu, Snow &hellip; <a href=\"https:\/\/www.hgb-leipzig.de\/klasseblank\/?page_id=4591\">Continued<\/a><\/p>\n","protected":false},"author":33,"featured_media":0,"parent":637,"menu_order":11,"comment_status":"closed","ping_status":"closed","template":"","meta":[],"acf":[],"_links":{"self":[{"href":"https:\/\/www.hgb-leipzig.de\/klasseblank\/index.php?rest_route=\/wp\/v2\/pages\/4591"}],"collection":[{"href":"https:\/\/www.hgb-leipzig.de\/klasseblank\/index.php?rest_route=\/wp\/v2\/pages"}],"about":[{"href":"https:\/\/www.hgb-leipzig.de\/klasseblank\/index.php?rest_route=\/wp\/v2\/types\/page"}],"author":[{"embeddable":true,"href":"https:\/\/www.hgb-leipzig.de\/klasseblank\/index.php?rest_route=\/wp\/v2\/users\/33"}],"replies":[{"embeddable":true,"href":"https:\/\/www.hgb-leipzig.de\/klasseblank\/index.php?rest_route=%2Fwp%2Fv2%2Fcomments&post=4591"}],"version-history":[{"count":14,"href":"https:\/\/www.hgb-leipzig.de\/klasseblank\/index.php?rest_route=\/wp\/v2\/pages\/4591\/revisions"}],"predecessor-version":[{"id":4795,"href":"https:\/\/www.hgb-leipzig.de\/klasseblank\/index.php?rest_route=\/wp\/v2\/pages\/4591\/revisions\/4795"}],"up":[{"embeddable":true,"href":"https:\/\/www.hgb-leipzig.de\/klasseblank\/index.php?rest_route=\/wp\/v2\/pages\/637"}],"wp:attachment":[{"href":"https:\/\/www.hgb-leipzig.de\/klasseblank\/index.php?rest_route=%2Fwp%2Fv2%2Fmedia&parent=4591"}],"curies":[{"name":"wp","href":"https:\/\/api.w.org\/{rel}","templated":true}]}}