{"id":4168,"date":"2020-02-27T20:52:38","date_gmt":"2020-02-27T19:52:38","guid":{"rendered":"http:\/\/www.hgb-leipzig.de\/klasseblank\/?page_id=4168"},"modified":"2020-02-27T21:31:02","modified_gmt":"2020-02-27T20:31:02","slug":"we-all-should-be-lichens","status":"publish","type":"page","link":"https:\/\/www.hgb-leipzig.de\/klasseblank\/?page_id=4168","title":{"rendered":"WE ALL SHOULD BE LICHENS (2019)"},"content":{"rendered":"<h1><img decoding=\"async\" loading=\"lazy\" class=\"alignright size-large wp-image-4188\" src=\"https:\/\/www.hgb-leipzig.de\/klasseblank\/wp-content\/uploads\/2020\/02\/ao_lichens_internet_021-1024x682.jpg\" alt=\"\" width=\"1024\" height=\"682\" srcset=\"https:\/\/www.hgb-leipzig.de\/klasseblank\/wp-content\/uploads\/2020\/02\/ao_lichens_internet_021-1024x682.jpg 1024w, https:\/\/www.hgb-leipzig.de\/klasseblank\/wp-content\/uploads\/2020\/02\/ao_lichens_internet_021-300x200.jpg 300w, https:\/\/www.hgb-leipzig.de\/klasseblank\/wp-content\/uploads\/2020\/02\/ao_lichens_internet_021-768x512.jpg 768w, https:\/\/www.hgb-leipzig.de\/klasseblank\/wp-content\/uploads\/2020\/02\/ao_lichens_internet_021.jpg 1400w\" sizes=\"(max-width: 1024px) 100vw, 1024px\" \/> <img decoding=\"async\" loading=\"lazy\" class=\"alignright size-large wp-image-4185\" src=\"https:\/\/www.hgb-leipzig.de\/klasseblank\/wp-content\/uploads\/2020\/02\/ao_lichens_internet_015-1024x682.jpg\" alt=\"\" width=\"1024\" height=\"682\" srcset=\"https:\/\/www.hgb-leipzig.de\/klasseblank\/wp-content\/uploads\/2020\/02\/ao_lichens_internet_015-1024x682.jpg 1024w, https:\/\/www.hgb-leipzig.de\/klasseblank\/wp-content\/uploads\/2020\/02\/ao_lichens_internet_015-300x200.jpg 300w, https:\/\/www.hgb-leipzig.de\/klasseblank\/wp-content\/uploads\/2020\/02\/ao_lichens_internet_015-768x512.jpg 768w, https:\/\/www.hgb-leipzig.de\/klasseblank\/wp-content\/uploads\/2020\/02\/ao_lichens_internet_015.jpg 1400w\" sizes=\"(max-width: 1024px) 100vw, 1024px\" \/> <img decoding=\"async\" loading=\"lazy\" class=\"alignright size-large wp-image-4184\" src=\"https:\/\/www.hgb-leipzig.de\/klasseblank\/wp-content\/uploads\/2020\/02\/ao_lichens_internet_009-1024x682.jpg\" alt=\"\" width=\"1024\" height=\"682\" srcset=\"https:\/\/www.hgb-leipzig.de\/klasseblank\/wp-content\/uploads\/2020\/02\/ao_lichens_internet_009-1024x682.jpg 1024w, https:\/\/www.hgb-leipzig.de\/klasseblank\/wp-content\/uploads\/2020\/02\/ao_lichens_internet_009-300x200.jpg 300w, https:\/\/www.hgb-leipzig.de\/klasseblank\/wp-content\/uploads\/2020\/02\/ao_lichens_internet_009-768x512.jpg 768w, https:\/\/www.hgb-leipzig.de\/klasseblank\/wp-content\/uploads\/2020\/02\/ao_lichens_internet_009.jpg 1400w\" sizes=\"(max-width: 1024px) 100vw, 1024px\" \/> <img decoding=\"async\" loading=\"lazy\" class=\"alignright size-large wp-image-4183\" src=\"https:\/\/www.hgb-leipzig.de\/klasseblank\/wp-content\/uploads\/2020\/02\/ao_lichens_internet_008-1024x682.jpg\" alt=\"\" width=\"1024\" height=\"682\" srcset=\"https:\/\/www.hgb-leipzig.de\/klasseblank\/wp-content\/uploads\/2020\/02\/ao_lichens_internet_008-1024x682.jpg 1024w, https:\/\/www.hgb-leipzig.de\/klasseblank\/wp-content\/uploads\/2020\/02\/ao_lichens_internet_008-300x200.jpg 300w, https:\/\/www.hgb-leipzig.de\/klasseblank\/wp-content\/uploads\/2020\/02\/ao_lichens_internet_008-768x512.jpg 768w, https:\/\/www.hgb-leipzig.de\/klasseblank\/wp-content\/uploads\/2020\/02\/ao_lichens_internet_008.jpg 1400w\" sizes=\"(max-width: 1024px) 100vw, 1024px\" \/> <img decoding=\"async\" loading=\"lazy\" class=\"alignright size-large wp-image-4182\" src=\"https:\/\/www.hgb-leipzig.de\/klasseblank\/wp-content\/uploads\/2020\/02\/ao_lichens_internet_006-1024x682.jpg\" alt=\"\" width=\"1024\" height=\"682\" srcset=\"https:\/\/www.hgb-leipzig.de\/klasseblank\/wp-content\/uploads\/2020\/02\/ao_lichens_internet_006-1024x682.jpg 1024w, https:\/\/www.hgb-leipzig.de\/klasseblank\/wp-content\/uploads\/2020\/02\/ao_lichens_internet_006-300x200.jpg 300w, https:\/\/www.hgb-leipzig.de\/klasseblank\/wp-content\/uploads\/2020\/02\/ao_lichens_internet_006-768x512.jpg 768w, https:\/\/www.hgb-leipzig.de\/klasseblank\/wp-content\/uploads\/2020\/02\/ao_lichens_internet_006.jpg 1400w\" sizes=\"(max-width: 1024px) 100vw, 1024px\" \/> <img decoding=\"async\" loading=\"lazy\" class=\"alignright size-large wp-image-4180\" src=\"https:\/\/www.hgb-leipzig.de\/klasseblank\/wp-content\/uploads\/2020\/02\/ao_lichens_internet_003-1024x682.jpg\" alt=\"\" width=\"1024\" height=\"682\" srcset=\"https:\/\/www.hgb-leipzig.de\/klasseblank\/wp-content\/uploads\/2020\/02\/ao_lichens_internet_003-1024x682.jpg 1024w, https:\/\/www.hgb-leipzig.de\/klasseblank\/wp-content\/uploads\/2020\/02\/ao_lichens_internet_003-300x200.jpg 300w, https:\/\/www.hgb-leipzig.de\/klasseblank\/wp-content\/uploads\/2020\/02\/ao_lichens_internet_003-768x512.jpg 768w, https:\/\/www.hgb-leipzig.de\/klasseblank\/wp-content\/uploads\/2020\/02\/ao_lichens_internet_003.jpg 1400w\" sizes=\"(max-width: 1024px) 100vw, 1024px\" \/><\/h1>\n<p>&nbsp;<\/p>\n<p>Fotos von Gustav Franz: http:\/\/www.reprofoto.de, http:\/\/www.gustavfranz.de, http:\/\/www.ff-foto.com<\/p>\n<h1><\/h1>\n<h1><strong>WE ALL SHOULD BE LICHENS<\/strong> ist eine Ausstellung von Studierenden der Hochschule f\u00fcr Gra\ufb01k und Buchkunst Leipzig und dem Deutschen Literaturinstitut Leipzig in Zusammenarbeit mit Joachim Blank. Die Ausstellung in der a&amp;o Kunsthalle in Leipzig untersucht das prek\u00e4re Verh\u00e4ltnis des Menschen zur Natur. Ausgangspunkt und Motivation f\u00fcr diese, von Studierenden und Lehrenden gemeinsam konzipierte Ausstellung ist der globale Klimawandel und die dadurch ausgel\u00f6sten politischen, ethischen und technologischen Debatten.\u00a0 Ausgehend vom Begriff des Anthroproz\u00e4ns vereint und pr\u00e4sentiert die Ausstellung tentakul\u00e4re Positionen und Perspektiven, die sich auf direkte, observierende und oft poetische Weise in vielf\u00e4ltigen Formen, Materialien und Medien einer Zeit nach der \u201ealten Natur\u201c n\u00e4hern.<\/h1>\n<h1>Beteiligte K\u00fcnstler*innen:<\/h1>\n<h1><strong>Leila Brinkmann,\u00a0Carla Hegerl &amp; Andrea Garcia Vasquez,\u00a0Felix Grabe,\u00a0Friedrich G\u00fcnther,\u00a0Ana\u00efs Goupy,\u00a0Christian Holze,\u00a0Steph Joyce,\u00a0Taemen Jung,\u00a0Alexander Klaubert &amp; Francis Kussatz,\u00a0Julia Lackner,\u00a0Jakob Limmer,\u00a0Tianxu Liu,\u00a0Karl Lobo,\u00a0Snow Paik,\u00a0Felix Pacholleck,\u00a0Max Ratay,\u00a0David Schr\u00f6der,\u00a0Sylva Seebach,\u00a0Carla Selva &amp; Paul Zech ,\u00a0Jana Slaby,\u00a0Philipp St\u00f6ckel,\u00a0Anna Raczynska &amp; Daniela Takeva,\u00a0Brenda Magadalena Wald,\u00a0Julie Warwel,\u00a0Victoria Welsh,\u00a0Kay Yoon,\u00a0Yana Zschiedrich<\/strong><\/h1>\n<h1>Performances am Er\u00f6ffnungsabend:<br \/>\nAlexander Klaubert &amp; Francis Kussatz<br \/>\nTianxu Liu<\/h1>\n<h1><strong>Er\u00f6ffnung: 29. November 2019,\u00a020:00 Uhr<\/strong><br \/>\n<strong>a&amp;o \/ Kunsthalle, Brandenburger Str., 2, 04103, Leipzig<\/strong><br \/>\n<strong>30.11.2019 &#8211; 25.01.2020<\/strong><\/h1>\n<h1>&#8212;<\/h1>\n<h1><i><strong>Nature is no longer natural. Nature is booming.<\/strong><\/i><br \/>\nWir Anthropos sind ziemliche Neulinge auf dem Planeten. Einst zogen wir aus, unser eigenes Warenregal (Boskop\u2122, Jonagold\u2122) zu erschaffen. Nature war das Sortiment, aber der KATALOG ist verloren gegangen, xxx Error \u2013 can&#8217;t find save location.#noobs<\/h1>\n<h1><i><strong>Nature is the world&#8217;s largest and most. Nature is still important.<\/strong><\/i><br \/>\nOur view of things \u2013 ist ein Regime. Die Naturkultur ist ein siamesisches Zwillingspaar, das einander streichelt und sich Faustschl\u00e4ge versetzt. Der Bestand aus dem wir sch\u00f6pfen, ist widerst\u00e4ndig und nicht gegenst\u00e4ndig. Das, was verl\u00e4sslich, unver\u00e4nderlich und unber\u00fchrt schien, gibt es nicht mehr. #sorry<\/h1>\n<h1><i><strong>Nature is natural. Nature is currently the #1 in belgian fresh organic dairy products<\/strong><\/i><br \/>\nUnd dann auf einmal: Die Entschleierung. Wir sprechen von Mikroplastik im Ewigen Eis mit Auswirkungen in BAYERN. Und von \u00fcbernat\u00fcrlichem Radon-Wasser. Ohne dass wir \u00fcberhaupt absch\u00e4tzen k\u00f6nnten, wie wir in Zukunft gelebt haben werden.<br \/>\n#futur2 Ist das Alarmismus!? Hey Siri, wie wird das WETTER morgen? #justsurvive<\/h1>\n<h1><i><strong>Nature is beautiful. Nature is a bitch.<\/strong><\/i><br \/>\nWisst ihr noch als unsere einzigen Sorgen waren wie viele Insekten und Spinnen wir in unserem Leben nachts versehentlich verschlucken, weil sie uns von der Decke mit Weben und Waben in die M\u00fcnder plumpsen?<br \/>\nJetzt ist Plastik im Regen, der auf brennende W\u00e4lder tr\u00f6pfelt.<\/h1>\n<h1><i><strong>Nature is a territory. Nature is fun and improves health.<\/strong><\/i><br \/>\nDas Einnehmen einer urspr\u00fcnglichen Perspektive ist nur ohne K\u00f6rper m\u00f6glich. Der Gr\u00fcne Kapitalismus ist bereits heute ein Fossil. #shithappens Yeah, and I&#8217;m (with) stupid: Apokalyptischer Individualismus nimmt einen Schluck nat\u00fcrliches Mineralwasser und \u00f6ffnet ein Video auf YouTube: \u201eWaldbaden \u2013 Warum der Wald so heilsam ist.\u201c #plantasia<\/h1>\n<h1><i><strong>Nature is natural. Nature is God.<\/strong><\/i><br \/>\n&#8220;Ich muss Sie jetzt verlassen. Wir haben alle unsere kleinen Schw\u00e4chen. Meine ist Kalifornien.&#8221; &#8211; Superman<\/h1>\n<p>&nbsp;<\/p>\n<p>&nbsp;<\/p>\n","protected":false},"excerpt":{"rendered":"<p>&nbsp; Fotos von Gustav Franz: http:\/\/www.reprofoto.de, http:\/\/www.gustavfranz.de, http:\/\/www.ff-foto.com WE ALL SHOULD BE LICHENS ist eine Ausstellung von Studierenden der Hochschule f\u00fcr Gra\ufb01k und Buchkunst Leipzig und dem Deutschen Literaturinstitut Leipzig in Zusammenarbeit mit Joachim Blank. Die Ausstellung in der a&amp;o Kunsthalle in Leipzig untersucht das prek\u00e4re Verh\u00e4ltnis des Menschen zur Natur. Ausgangspunkt und Motivation f\u00fcr &hellip; <a href=\"https:\/\/www.hgb-leipzig.de\/klasseblank\/?page_id=4168\">Continued<\/a><\/p>\n","protected":false},"author":1,"featured_media":0,"parent":0,"menu_order":14,"comment_status":"closed","ping_status":"closed","template":"","meta":[],"acf":[],"_links":{"self":[{"href":"https:\/\/www.hgb-leipzig.de\/klasseblank\/index.php?rest_route=\/wp\/v2\/pages\/4168"}],"collection":[{"href":"https:\/\/www.hgb-leipzig.de\/klasseblank\/index.php?rest_route=\/wp\/v2\/pages"}],"about":[{"href":"https:\/\/www.hgb-leipzig.de\/klasseblank\/index.php?rest_route=\/wp\/v2\/types\/page"}],"author":[{"embeddable":true,"href":"https:\/\/www.hgb-leipzig.de\/klasseblank\/index.php?rest_route=\/wp\/v2\/users\/1"}],"replies":[{"embeddable":true,"href":"https:\/\/www.hgb-leipzig.de\/klasseblank\/index.php?rest_route=%2Fwp%2Fv2%2Fcomments&post=4168"}],"version-history":[{"count":8,"href":"https:\/\/www.hgb-leipzig.de\/klasseblank\/index.php?rest_route=\/wp\/v2\/pages\/4168\/revisions"}],"predecessor-version":[{"id":4194,"href":"https:\/\/www.hgb-leipzig.de\/klasseblank\/index.php?rest_route=\/wp\/v2\/pages\/4168\/revisions\/4194"}],"wp:attachment":[{"href":"https:\/\/www.hgb-leipzig.de\/klasseblank\/index.php?rest_route=%2Fwp%2Fv2%2Fmedia&parent=4168"}],"curies":[{"name":"wp","href":"https:\/\/api.w.org\/{rel}","templated":true}]}}