{"id":4137,"date":"2020-02-27T19:20:10","date_gmt":"2020-02-27T18:20:10","guid":{"rendered":"http:\/\/www.hgb-leipzig.de\/klasseblank\/?page_id=4137"},"modified":"2020-02-27T21:26:50","modified_gmt":"2020-02-27T20:26:50","slug":"stranded","status":"publish","type":"page","link":"https:\/\/www.hgb-leipzig.de\/klasseblank\/?page_id=4137","title":{"rendered":"stranded \u2014 Rundgang 2020"},"content":{"rendered":"<p><img decoding=\"async\" loading=\"lazy\" class=\"alignnone size-full wp-image-4116\" src=\"https:\/\/www.hgb-leipzig.de\/klasseblank\/wp-content\/uploads\/2020\/02\/MG_8967.jpg\" alt=\"\" width=\"4752\" height=\"3168\" srcset=\"https:\/\/www.hgb-leipzig.de\/klasseblank\/wp-content\/uploads\/2020\/02\/MG_8967.jpg 4752w, https:\/\/www.hgb-leipzig.de\/klasseblank\/wp-content\/uploads\/2020\/02\/MG_8967-300x200.jpg 300w, https:\/\/www.hgb-leipzig.de\/klasseblank\/wp-content\/uploads\/2020\/02\/MG_8967-768x512.jpg 768w, https:\/\/www.hgb-leipzig.de\/klasseblank\/wp-content\/uploads\/2020\/02\/MG_8967-1024x683.jpg 1024w\" sizes=\"(max-width: 4752px) 100vw, 4752px\" \/><\/p>\n<h1><\/h1>\n<h1>Teilnehmende:<\/h1>\n<div>\n<h1>Johanna Blank<br \/>\nLeila Brinkmann<br \/>\nJens Dickemann<br \/>\nLeon Galli<br \/>\nAna\u00efs Goupy<br \/>\nFriedrich G\u00fcnther<br \/>\nYannick Harter<br \/>\nTaemen Jung<br \/>\nKevin Koen<br \/>\nKoa Koppenh\u00f6fer<br \/>\nFabian Lehmann<br \/>\nJakob Limmer<br \/>\nSeunglok Paik<br \/>\nLukas Schwarz<br \/>\nYana Zschiedrich<\/h1>\n<h1><\/h1>\n<h1>Ein Projekt der Klasse Installation und Raum<br \/>\n(Prof. Joachim Blank) in Zusammenarbeit mit<br \/>\nCarsten Saeger.<\/h1>\n<h1><\/h1>\n<\/div>\n<h1>\u201eUnter dem Titel \u201estranded\u201c wird der Klassenraum zu einer Zwischenwelt erkl\u00e4rt. Die hier \u201egestrandeten\u201c Objekte und Materialien stammen teilweise aus unfertigen bzw. vergangenen Arbeiten der Studierenden, die sich hier wie \u201eMolek\u00fcle\u201c neu begegnen und formieren. Aufbauend auf den Recherchen zur Ausstellung \u201e<a href=\"https:\/\/www.hgb-leipzig.de\/klasseblank\/?page_id=4168\" target=\"_blank\" rel=\"noopener noreferrer\">We all should be lichens<\/a>\u201c werden die Themen Naturkatastrophe, Umweltverschmutzung und Klimawandel weiterentwickelt. Wie durch Modifikation und Mutation schreiben sich die einzelnen Beitr\u00e4ge in die Gene der Installation ein und kreieren einen neuen unbekannten Organismus. Dieser steht dabei sinnbildlich f\u00fcr den kollektiven und offenen Arbeitsprozess der Gruppe.\u201d<\/h1>\n<h1><\/h1>\n<h1>(Fotos: Koa Koppenh\u00f6fer)<\/h1>\n<div><\/div>\n<div><img decoding=\"async\" loading=\"lazy\" class=\"alignnone size-full wp-image-4127\" src=\"https:\/\/www.hgb-leipzig.de\/klasseblank\/wp-content\/uploads\/2020\/02\/MG_9107.jpg\" alt=\"\" width=\"4752\" height=\"3168\" srcset=\"https:\/\/www.hgb-leipzig.de\/klasseblank\/wp-content\/uploads\/2020\/02\/MG_9107.jpg 4752w, https:\/\/www.hgb-leipzig.de\/klasseblank\/wp-content\/uploads\/2020\/02\/MG_9107-300x200.jpg 300w, https:\/\/www.hgb-leipzig.de\/klasseblank\/wp-content\/uploads\/2020\/02\/MG_9107-768x512.jpg 768w, https:\/\/www.hgb-leipzig.de\/klasseblank\/wp-content\/uploads\/2020\/02\/MG_9107-1024x683.jpg 1024w\" sizes=\"(max-width: 4752px) 100vw, 4752px\" \/><\/div>\n<h1><\/h1>\n<div><img decoding=\"async\" loading=\"lazy\" class=\"alignnone size-full wp-image-4124\" src=\"https:\/\/www.hgb-leipzig.de\/klasseblank\/wp-content\/uploads\/2020\/02\/MG_9101.jpg\" alt=\"\" width=\"4752\" height=\"3168\" srcset=\"https:\/\/www.hgb-leipzig.de\/klasseblank\/wp-content\/uploads\/2020\/02\/MG_9101.jpg 4752w, https:\/\/www.hgb-leipzig.de\/klasseblank\/wp-content\/uploads\/2020\/02\/MG_9101-300x200.jpg 300w, https:\/\/www.hgb-leipzig.de\/klasseblank\/wp-content\/uploads\/2020\/02\/MG_9101-768x512.jpg 768w, https:\/\/www.hgb-leipzig.de\/klasseblank\/wp-content\/uploads\/2020\/02\/MG_9101-1024x683.jpg 1024w\" sizes=\"(max-width: 4752px) 100vw, 4752px\" \/><\/div>\n<h1><\/h1>\n<div><img decoding=\"async\" loading=\"lazy\" class=\"alignnone size-full wp-image-4123\" src=\"https:\/\/www.hgb-leipzig.de\/klasseblank\/wp-content\/uploads\/2020\/02\/MG_9098.jpg\" alt=\"\" width=\"4752\" height=\"3168\" srcset=\"https:\/\/www.hgb-leipzig.de\/klasseblank\/wp-content\/uploads\/2020\/02\/MG_9098.jpg 4752w, https:\/\/www.hgb-leipzig.de\/klasseblank\/wp-content\/uploads\/2020\/02\/MG_9098-300x200.jpg 300w, https:\/\/www.hgb-leipzig.de\/klasseblank\/wp-content\/uploads\/2020\/02\/MG_9098-768x512.jpg 768w, https:\/\/www.hgb-leipzig.de\/klasseblank\/wp-content\/uploads\/2020\/02\/MG_9098-1024x683.jpg 1024w\" sizes=\"(max-width: 4752px) 100vw, 4752px\" \/><\/div>\n<h1><\/h1>\n<h1><img decoding=\"async\" loading=\"lazy\" class=\"alignnone size-full wp-image-4126\" src=\"https:\/\/www.hgb-leipzig.de\/klasseblank\/wp-content\/uploads\/2020\/02\/MG_9104.jpg\" alt=\"\" width=\"4752\" height=\"3168\" srcset=\"https:\/\/www.hgb-leipzig.de\/klasseblank\/wp-content\/uploads\/2020\/02\/MG_9104.jpg 4752w, https:\/\/www.hgb-leipzig.de\/klasseblank\/wp-content\/uploads\/2020\/02\/MG_9104-300x200.jpg 300w, https:\/\/www.hgb-leipzig.de\/klasseblank\/wp-content\/uploads\/2020\/02\/MG_9104-768x512.jpg 768w, https:\/\/www.hgb-leipzig.de\/klasseblank\/wp-content\/uploads\/2020\/02\/MG_9104-1024x683.jpg 1024w\" sizes=\"(max-width: 4752px) 100vw, 4752px\" \/><\/h1>\n<h1><\/h1>\n<div><img decoding=\"async\" loading=\"lazy\" class=\"alignnone size-full wp-image-4122\" src=\"https:\/\/www.hgb-leipzig.de\/klasseblank\/wp-content\/uploads\/2020\/02\/MG_9096.jpg\" alt=\"\" width=\"4752\" height=\"3168\" srcset=\"https:\/\/www.hgb-leipzig.de\/klasseblank\/wp-content\/uploads\/2020\/02\/MG_9096.jpg 4752w, https:\/\/www.hgb-leipzig.de\/klasseblank\/wp-content\/uploads\/2020\/02\/MG_9096-300x200.jpg 300w, https:\/\/www.hgb-leipzig.de\/klasseblank\/wp-content\/uploads\/2020\/02\/MG_9096-768x512.jpg 768w, https:\/\/www.hgb-leipzig.de\/klasseblank\/wp-content\/uploads\/2020\/02\/MG_9096-1024x683.jpg 1024w\" sizes=\"(max-width: 4752px) 100vw, 4752px\" \/><\/div>\n<div><\/div>\n<h1><\/h1>\n<div><img decoding=\"async\" loading=\"lazy\" class=\"alignnone size-full wp-image-4121\" src=\"https:\/\/www.hgb-leipzig.de\/klasseblank\/wp-content\/uploads\/2020\/02\/MG_9092.jpg\" alt=\"\" width=\"4752\" height=\"3168\" srcset=\"https:\/\/www.hgb-leipzig.de\/klasseblank\/wp-content\/uploads\/2020\/02\/MG_9092.jpg 4752w, https:\/\/www.hgb-leipzig.de\/klasseblank\/wp-content\/uploads\/2020\/02\/MG_9092-300x200.jpg 300w, https:\/\/www.hgb-leipzig.de\/klasseblank\/wp-content\/uploads\/2020\/02\/MG_9092-768x512.jpg 768w, https:\/\/www.hgb-leipzig.de\/klasseblank\/wp-content\/uploads\/2020\/02\/MG_9092-1024x683.jpg 1024w\" sizes=\"(max-width: 4752px) 100vw, 4752px\" \/><\/div>\n<h1><\/h1>\n<div><img decoding=\"async\" loading=\"lazy\" class=\"alignnone size-full wp-image-4119\" src=\"https:\/\/www.hgb-leipzig.de\/klasseblank\/wp-content\/uploads\/2020\/02\/MG_9063.jpg\" alt=\"\" width=\"4752\" height=\"3168\" srcset=\"https:\/\/www.hgb-leipzig.de\/klasseblank\/wp-content\/uploads\/2020\/02\/MG_9063.jpg 4752w, https:\/\/www.hgb-leipzig.de\/klasseblank\/wp-content\/uploads\/2020\/02\/MG_9063-300x200.jpg 300w, https:\/\/www.hgb-leipzig.de\/klasseblank\/wp-content\/uploads\/2020\/02\/MG_9063-768x512.jpg 768w, https:\/\/www.hgb-leipzig.de\/klasseblank\/wp-content\/uploads\/2020\/02\/MG_9063-1024x683.jpg 1024w\" sizes=\"(max-width: 4752px) 100vw, 4752px\" \/><\/div>\n<h1><\/h1>\n<div><img decoding=\"async\" loading=\"lazy\" class=\"alignnone size-full wp-image-4118\" src=\"https:\/\/www.hgb-leipzig.de\/klasseblank\/wp-content\/uploads\/2020\/02\/MG_9013.jpg\" alt=\"\" width=\"4752\" height=\"3168\" srcset=\"https:\/\/www.hgb-leipzig.de\/klasseblank\/wp-content\/uploads\/2020\/02\/MG_9013.jpg 4752w, https:\/\/www.hgb-leipzig.de\/klasseblank\/wp-content\/uploads\/2020\/02\/MG_9013-300x200.jpg 300w, https:\/\/www.hgb-leipzig.de\/klasseblank\/wp-content\/uploads\/2020\/02\/MG_9013-768x512.jpg 768w, https:\/\/www.hgb-leipzig.de\/klasseblank\/wp-content\/uploads\/2020\/02\/MG_9013-1024x683.jpg 1024w\" sizes=\"(max-width: 4752px) 100vw, 4752px\" \/><\/div>\n<h1><\/h1>\n<div><img decoding=\"async\" loading=\"lazy\" class=\"alignnone size-full wp-image-4117\" src=\"https:\/\/www.hgb-leipzig.de\/klasseblank\/wp-content\/uploads\/2020\/02\/MG_8998.jpg\" alt=\"\" width=\"4752\" height=\"3168\" srcset=\"https:\/\/www.hgb-leipzig.de\/klasseblank\/wp-content\/uploads\/2020\/02\/MG_8998.jpg 4752w, https:\/\/www.hgb-leipzig.de\/klasseblank\/wp-content\/uploads\/2020\/02\/MG_8998-300x200.jpg 300w, https:\/\/www.hgb-leipzig.de\/klasseblank\/wp-content\/uploads\/2020\/02\/MG_8998-768x512.jpg 768w, https:\/\/www.hgb-leipzig.de\/klasseblank\/wp-content\/uploads\/2020\/02\/MG_8998-1024x683.jpg 1024w\" sizes=\"(max-width: 4752px) 100vw, 4752px\" \/><\/div>\n<h1><\/h1>\n","protected":false},"excerpt":{"rendered":"<p>Teilnehmende: Johanna Blank Leila Brinkmann Jens Dickemann Leon Galli Ana\u00efs Goupy Friedrich G\u00fcnther Yannick Harter Taemen Jung Kevin Koen Koa Koppenh\u00f6fer Fabian Lehmann Jakob Limmer Seunglok Paik Lukas Schwarz Yana Zschiedrich Ein Projekt der Klasse Installation und Raum (Prof. Joachim Blank) in Zusammenarbeit mit Carsten Saeger. \u201eUnter dem Titel \u201estranded\u201c wird der Klassenraum zu einer &hellip; <a href=\"https:\/\/www.hgb-leipzig.de\/klasseblank\/?page_id=4137\">Continued<\/a><\/p>\n","protected":false},"author":1,"featured_media":0,"parent":0,"menu_order":16,"comment_status":"closed","ping_status":"closed","template":"","meta":[],"acf":[],"_links":{"self":[{"href":"https:\/\/www.hgb-leipzig.de\/klasseblank\/index.php?rest_route=\/wp\/v2\/pages\/4137"}],"collection":[{"href":"https:\/\/www.hgb-leipzig.de\/klasseblank\/index.php?rest_route=\/wp\/v2\/pages"}],"about":[{"href":"https:\/\/www.hgb-leipzig.de\/klasseblank\/index.php?rest_route=\/wp\/v2\/types\/page"}],"author":[{"embeddable":true,"href":"https:\/\/www.hgb-leipzig.de\/klasseblank\/index.php?rest_route=\/wp\/v2\/users\/1"}],"replies":[{"embeddable":true,"href":"https:\/\/www.hgb-leipzig.de\/klasseblank\/index.php?rest_route=%2Fwp%2Fv2%2Fcomments&post=4137"}],"version-history":[{"count":20,"href":"https:\/\/www.hgb-leipzig.de\/klasseblank\/index.php?rest_route=\/wp\/v2\/pages\/4137\/revisions"}],"predecessor-version":[{"id":4193,"href":"https:\/\/www.hgb-leipzig.de\/klasseblank\/index.php?rest_route=\/wp\/v2\/pages\/4137\/revisions\/4193"}],"wp:attachment":[{"href":"https:\/\/www.hgb-leipzig.de\/klasseblank\/index.php?rest_route=%2Fwp%2Fv2%2Fmedia&parent=4137"}],"curies":[{"name":"wp","href":"https:\/\/api.w.org\/{rel}","templated":true}]}}