{"id":3841,"date":"2019-05-03T17:29:53","date_gmt":"2019-05-03T15:29:53","guid":{"rendered":"http:\/\/www.hgb-leipzig.de\/klasseblank\/?page_id=3841"},"modified":"2020-02-27T20:56:39","modified_gmt":"2020-02-27T19:56:39","slug":"var13","status":"publish","type":"page","link":"https:\/\/www.hgb-leipzig.de\/klasseblank\/?page_id=3841","title":{"rendered":"VAR13 (2019)"},"content":{"rendered":"<h1><b>Gruppenausstellung \/ Group Show<\/b><\/h1>\n<h1><a href=\"https:\/\/www.instagram.com\/klasseblank\" target=\"_blank\" rel=\"noopener noreferrer\"><em><strong>VAR13<\/strong><\/em><\/a><\/h1>\n<h1><strong>Jessica Arseneau, Leila Brinkmann, Marlene Franz, Felix Grabe, Friedrich Jacob G\u00fcnther, Taemen Jung, Leonard Korbus, Lisa Kottkamp, Anna Raczynska, Snow, Malte Urban, Andrea Garcia Vasquez<\/strong><\/h1>\n<h1><strong>10.05.2019, 18:00 &#8211; Er\u00f6ffnung | Opening<\/strong><br \/>\n11.05, 12.05, 15.05, 16.05, 17.05, 15:00-20:00 &#8211; \u00d6ffnungszeiten | Opening hours<br \/>\n18.05.2019, 18:00 &#8211; Finissage<\/h1>\n<h1><strong>Westpol Airspace: Heilandskirche Plagwitz, Erich-Zeigner-Allee 24, Leipzig<\/strong><\/h1>\n<p>&nbsp;<\/p>\n<h1>&#8212;&gt; Westpol Airspace: <a href=\"https:\/\/www.facebook.com\/Westpol.Air.Space\/\" target=\"_blank\" rel=\"noopener noreferrer\">https:\/\/www.facebook.com\/Westpol.Air.Space<\/a><\/h1>\n<h1>&#8212;&gt;\u00a0Instagram: <a href=\"https:\/\/l.facebook.com\/l.php?u=https%3A%2F%2Fwww.instagram.com%2Fklasseblank%3Ffbclid%3DIwAR1od7TSAHJP_LvZXBQNi2S46ac2gy_qXB1jk5gPpUFyQD-m6D9mDhJGvSo&amp;h=AT2h7ZiiEbAQxyJzv-DdHFc7E4E4DYEckx5nXvO4itRpEHM-ckP_b-xl4sFgVQkeosfdUGkzPgP02VZ6ahSUT31ZSbjmU1gB6xZ1ahvFjXuo9mmGowWyKlUw3d6SYXaeNhp2Sc4WZgscfrdWJzxYE74\" target=\"_blank\" rel=\"nofollow noopener noreferrer\" data-lynx-mode=\"hover\">https:\/\/www.instagram.com\/klasseblank<\/a><\/h1>\n<h1>&#8212;&gt; Klasse Blank: <a href=\"https:\/\/l.facebook.com\/l.php?u=https%3A%2F%2Fwww.hgb-leipzig.de%2Fklasseblank%3Ffbclid%3DIwAR3WzQphBrGQPvHdiMT4_OEluxMEyypgEHdHePzNzb5MPkSYtPk-m67AHiI&amp;h=AT2JuB2tOjMX1sOxs_Nqvd3fnyIdazsT5FGgscQgJsi1odrMyrnLMQUB25-Ar9gPVTpCGASzM_bE8cu5HwjPpEmZomyVt4M2ntRBypWi4hxgwMg858q4Vt9MvTYGnszXbzrDCUqbsXAkGEe-zj3rJPE\" target=\"_blank\" rel=\"nofollow noopener noreferrer\" data-lynx-mode=\"hover\">https:\/\/www.hgb-leipzig.de\/klasseblank<\/a><\/h1>\n<p>&nbsp;<\/p>\n<p><img decoding=\"async\" loading=\"lazy\" class=\"alignnone size-large wp-image-4015\" src=\"https:\/\/www.hgb-leipzig.de\/klasseblank\/wp-content\/uploads\/2019\/10\/IMG_5332-1024x768.jpg\" alt=\"\" width=\"1024\" height=\"768\" srcset=\"https:\/\/www.hgb-leipzig.de\/klasseblank\/wp-content\/uploads\/2019\/10\/IMG_5332-1024x768.jpg 1024w, https:\/\/www.hgb-leipzig.de\/klasseblank\/wp-content\/uploads\/2019\/10\/IMG_5332-300x225.jpg 300w, https:\/\/www.hgb-leipzig.de\/klasseblank\/wp-content\/uploads\/2019\/10\/IMG_5332-768x576.jpg 768w\" sizes=\"(max-width: 1024px) 100vw, 1024px\" \/><\/p>\n<p>von links nach rechts: Friedrich G\u00fcnther, Malte Urban, Lisa Kottkamp<\/p>\n<p>&nbsp;<\/p>\n<p><img decoding=\"async\" loading=\"lazy\" class=\"size-large wp-image-4013 alignnone\" src=\"https:\/\/www.hgb-leipzig.de\/klasseblank\/wp-content\/uploads\/2019\/10\/IMG_5335-e1570710965309-1024x768.jpg\" alt=\"\" width=\"1024\" height=\"768\" srcset=\"https:\/\/www.hgb-leipzig.de\/klasseblank\/wp-content\/uploads\/2019\/10\/IMG_5335-e1570710965309-1024x768.jpg 1024w, https:\/\/www.hgb-leipzig.de\/klasseblank\/wp-content\/uploads\/2019\/10\/IMG_5335-e1570710965309-300x225.jpg 300w, https:\/\/www.hgb-leipzig.de\/klasseblank\/wp-content\/uploads\/2019\/10\/IMG_5335-e1570710965309-768x576.jpg 768w\" sizes=\"(max-width: 1024px) 100vw, 1024px\" \/><\/p>\n<p>von links nach rechts: Leila Brinkmann, Anna Rasczynska und SNOW<\/p>\n<p>&nbsp;<\/p>\n<p><img decoding=\"async\" loading=\"lazy\" class=\"size-large wp-image-4016 alignnone\" src=\"https:\/\/www.hgb-leipzig.de\/klasseblank\/wp-content\/uploads\/2019\/10\/IMG_5351-e1570710680151-768x1024.jpg\" alt=\"\" width=\"768\" height=\"1024\" srcset=\"https:\/\/www.hgb-leipzig.de\/klasseblank\/wp-content\/uploads\/2019\/10\/IMG_5351-e1570710680151-768x1024.jpg 768w, https:\/\/www.hgb-leipzig.de\/klasseblank\/wp-content\/uploads\/2019\/10\/IMG_5351-e1570710680151-225x300.jpg 225w\" sizes=\"(max-width: 768px) 100vw, 768px\" \/><\/p>\n<p>Themen Jung<\/p>\n<p><img decoding=\"async\" loading=\"lazy\" class=\"size-large wp-image-4017 alignnone\" src=\"https:\/\/www.hgb-leipzig.de\/klasseblank\/wp-content\/uploads\/2019\/10\/IMG_5340-e1570710658276-768x1024.jpg\" alt=\"\" width=\"768\" height=\"1024\" srcset=\"https:\/\/www.hgb-leipzig.de\/klasseblank\/wp-content\/uploads\/2019\/10\/IMG_5340-e1570710658276-768x1024.jpg 768w, https:\/\/www.hgb-leipzig.de\/klasseblank\/wp-content\/uploads\/2019\/10\/IMG_5340-e1570710658276-225x300.jpg 225w\" sizes=\"(max-width: 768px) 100vw, 768px\" \/><\/p>\n<p>Detail: Themen Jung<\/p>\n<p><img decoding=\"async\" loading=\"lazy\" class=\"size-large wp-image-4019 alignnone\" src=\"https:\/\/www.hgb-leipzig.de\/klasseblank\/wp-content\/uploads\/2019\/10\/IMG_5342-e1570710607210-768x1024.jpg\" alt=\"\" width=\"768\" height=\"1024\" srcset=\"https:\/\/www.hgb-leipzig.de\/klasseblank\/wp-content\/uploads\/2019\/10\/IMG_5342-e1570710607210-768x1024.jpg 768w, https:\/\/www.hgb-leipzig.de\/klasseblank\/wp-content\/uploads\/2019\/10\/IMG_5342-e1570710607210-225x300.jpg 225w\" sizes=\"(max-width: 768px) 100vw, 768px\" \/><\/p>\n<p>Bilder: Marlene Franz; Installation: Andrea Garcia Vasquez<\/p>\n<p>&nbsp;<\/p>\n<p><img decoding=\"async\" loading=\"lazy\" class=\"size-large wp-image-4025 alignnone\" src=\"https:\/\/www.hgb-leipzig.de\/klasseblank\/wp-content\/uploads\/2019\/10\/IMG_5349-e1570710534510-768x1024.jpg\" alt=\"\" width=\"768\" height=\"1024\" srcset=\"https:\/\/www.hgb-leipzig.de\/klasseblank\/wp-content\/uploads\/2019\/10\/IMG_5349-e1570710534510-768x1024.jpg 768w, https:\/\/www.hgb-leipzig.de\/klasseblank\/wp-content\/uploads\/2019\/10\/IMG_5349-e1570710534510-225x300.jpg 225w\" sizes=\"(max-width: 768px) 100vw, 768px\" \/><\/p>\n<p>Anna Raczynska<\/p>\n<p><img decoding=\"async\" loading=\"lazy\" class=\"size-large wp-image-4011 alignnone\" src=\"https:\/\/www.hgb-leipzig.de\/klasseblank\/wp-content\/uploads\/2019\/10\/IMG_5339-1024x768.jpg\" alt=\"\" width=\"1024\" height=\"768\" srcset=\"https:\/\/www.hgb-leipzig.de\/klasseblank\/wp-content\/uploads\/2019\/10\/IMG_5339-1024x768.jpg 1024w, https:\/\/www.hgb-leipzig.de\/klasseblank\/wp-content\/uploads\/2019\/10\/IMG_5339-300x225.jpg 300w, https:\/\/www.hgb-leipzig.de\/klasseblank\/wp-content\/uploads\/2019\/10\/IMG_5339-768x576.jpg 768w\" sizes=\"(max-width: 1024px) 100vw, 1024px\" \/><\/p>\n<p>Friedrich G\u00fcnther<\/p>\n<p>&nbsp;<\/p>\n<p><img decoding=\"async\" loading=\"lazy\" class=\"size-large wp-image-4010 alignnone\" src=\"https:\/\/www.hgb-leipzig.de\/klasseblank\/wp-content\/uploads\/2019\/10\/IMG_5338-1024x768.jpg\" alt=\"\" width=\"1024\" height=\"768\" srcset=\"https:\/\/www.hgb-leipzig.de\/klasseblank\/wp-content\/uploads\/2019\/10\/IMG_5338-1024x768.jpg 1024w, https:\/\/www.hgb-leipzig.de\/klasseblank\/wp-content\/uploads\/2019\/10\/IMG_5338-300x225.jpg 300w, https:\/\/www.hgb-leipzig.de\/klasseblank\/wp-content\/uploads\/2019\/10\/IMG_5338-768x576.jpg 768w\" sizes=\"(max-width: 1024px) 100vw, 1024px\" \/><\/p>\n<p>Lisa Kottkamp<\/p>\n<p>&nbsp;<\/p>\n<p><img decoding=\"async\" loading=\"lazy\" class=\"size-large wp-image-4022 alignnone\" src=\"https:\/\/www.hgb-leipzig.de\/klasseblank\/wp-content\/uploads\/2019\/10\/IMG_5346-e1570710584841-768x1024.jpg\" alt=\"\" width=\"768\" height=\"1024\" srcset=\"https:\/\/www.hgb-leipzig.de\/klasseblank\/wp-content\/uploads\/2019\/10\/IMG_5346-e1570710584841-768x1024.jpg 768w, https:\/\/www.hgb-leipzig.de\/klasseblank\/wp-content\/uploads\/2019\/10\/IMG_5346-e1570710584841-225x300.jpg 225w\" sizes=\"(max-width: 768px) 100vw, 768px\" \/><\/p>\n<p>Leila Brinkmann<\/p>\n<p>&nbsp;<\/p>\n<p><img decoding=\"async\" loading=\"lazy\" class=\"size-large wp-image-4018 alignnone\" src=\"https:\/\/www.hgb-leipzig.de\/klasseblank\/wp-content\/uploads\/2019\/10\/IMG_5341-e1570710631618-768x1024.jpg\" alt=\"\" width=\"768\" height=\"1024\" srcset=\"https:\/\/www.hgb-leipzig.de\/klasseblank\/wp-content\/uploads\/2019\/10\/IMG_5341-e1570710631618-768x1024.jpg 768w, https:\/\/www.hgb-leipzig.de\/klasseblank\/wp-content\/uploads\/2019\/10\/IMG_5341-e1570710631618-225x300.jpg 225w\" sizes=\"(max-width: 768px) 100vw, 768px\" \/><\/p>\n<h1><b>Gruppenausstellung \/ Group Show<\/b><\/h1>\n<h1><a href=\"https:\/\/www.instagram.com\/klasseblank\" target=\"_blank\" rel=\"noopener noreferrer\"><em><strong>VAR13<\/strong><\/em><\/a><\/h1>\n<p>&lt;var&gt;: Die Variable. Gebraucht in der Programmierung oder im mathematischen Kontext, ist sie ein ver\u00e4nderliches Element, welches f\u00fcr Berechnungen genutzt wird. In anderen Bereichen ist eine Variable ein Wert, eine Nummer, oder eine Unbekannte, etwas, dessen Zustand innerhalb eines bestimmten Rahmens und \u00fcber einen festgelegten Zeitraum, variieren kann, sich ver\u00e4ndert; Beispielweise ein Bildschirm mit variabler Lichtintensit\u00e4t, die Gem\u00fctslage einer Person, oder das Klima.<\/p>\n<p>Was w\u00e4re zum Beispiel, wenn die Ver\u00e4nderlichkeit der Natur und des Klimas sich selbst \u00fcbertr\u00e4fe, oder gegenl\u00e4ufig dazu, aufh\u00f6ren w\u00fcrde zu variieren, permanent in einem immer gleichen Extrem verharren w\u00fcrde? Die Natur und ihre innere, nat\u00fcrliche Rangordnung, wurden durch die Industrialisierung grundlegend ver\u00e4ndert. Der Planet wird fortw\u00e4hrend umgew\u00e4lzt und in einen Zustand nicht enden wollender Produktivit\u00e4t und st\u00e4ndigen, anthropogen bedingten Umbr\u00fcchen transformiert. L\u00e4ngst stehen die abbaubaren Ressourcen am Rande ihrer Ersch\u00f6pfung, sind ausgebeutet. Die Erde wird in eine \u00f6kologische Schuld \u00fcberf\u00fchrt, aus welcher heraus die eigene Kapazit\u00e4t zur Regenerierung jedes Jahr und jeden Tag schwindet.<\/p>\n<p>Die Vorstellung der Apokalypse, wie sie im letzten Kapitel des neuen Testaments beschrieben ist, welche sich durch die Literatur und Kunst der Jahrhunderte zog, wurde meistens als Fiktion wahrgenommen. Je mehr \u00d6kologen und Wissenschaftler jedoch vor den unausweichlichen Folgen des Status Quo warnen, desto realer wird jene Vorstellung. Werden wir unsere Hoffnung und unseren Glauben in das Einverst\u00e4ndnis zur biotechnischen Reprogrammierung der Natur, ihrer Diversit\u00e4t, ihrer Erneuerbarkeit, und der Wiederherstellung ihrer Variablen setzen?<\/p>\n<p>VaR ist ausserdem das Akronym f\u00fcr &#8220;Value at Risk&#8221; &#8211; &#8220;Wert im Risiko&#8221;. Die Zahl 13 direkt hinter diese drei Buchstaben zu setzen, k\u00f6nnte die abergl\u00e4ubische M\u00f6glichkeit diskutieren, Gl\u00fcck oder Ungl\u00fcck zu haben &#8211; woraus der Diskurs \u00fcber eine &#8220;Zukunft im Risiko&#8221; nahegelegt wird.<\/p>\n<p>Im Ausstellungsraum einer Kirche, pr\u00e4sentiert die Ausstellung VAR13 Arbeiten einer Gruppe von K\u00fcnstlern, welche das Verh\u00e4ltnis zwischen Natur und Kunst, Bild und Produktivit\u00e4t, zwischen Visionen und Fiktionen neu verhandeln, als Prophezeiungen oder als Realit\u00e4ten.<\/p>\n<p><strong>Eine Gruppenausstellung der Klasse f\u00fcr Installation und Raum | Hochschule f\u00fcr Grafik und Buchkunst Leipzig<\/strong><\/p>\n<p>-English-<\/p>\n<p>&lt;var&gt;: The variable. It can be a value, a set of data, a number, the measurement of changing criteria over a course of time. Objects vary in size, the lights on screens vary in brightness, our mood and the weather may also vary from day to day.<\/p>\n<p>What if, for instance, the variabilities in nature and climate are<br \/>\nsurpassing their extremities? Or on the contrary, what if there is no longer a predictable spectrum within which the extremities of nature and climate currently exist?<\/p>\n<p>Nature and its order continue to experience the detrimental disruption due to the industrial revolution. Through the exhaustion and<br \/>\ndepletion of resources, the earth is going through an ecological<br \/>\ndebt and its ability to be regenerated is dramatically plummeting every year. The apocalypse has been fantasized since centuries through fiction writing, art, and the new testament. However, the more ecologists and environmentalists discover about our planets current state, the clearer it becomes that this prophecy could actually occur. Can we put our faith into bioengineering? Can nature and its variables be reprogrammed? Will this apocalypse be something we may actually witness?<\/p>\n<p>VaR13 is a play on the words \u201cValue at Risk\u201d while utilizing the stigma of the number 13. As the title for the group exhibition from Fachklasse Blank, it establishes discourse around our future at risk. Taking place inside of a church, VAR13 displays works by various artists who are investigating the relationships between nature and art as well as image and productivity. It is a collection of artworks exploring visual fictions, visual prophecies, and visual realities in our current state of variable possibilities.<\/p>\n<p><strong>A group exhibition by the Class for Installation and Space | Academy of Fine Arts Leipzig<\/strong><\/p>\n<p>&nbsp;<\/p>\n<p><img decoding=\"async\" loading=\"lazy\" class=\"alignnone size-full wp-image-3846\" src=\"https:\/\/www.hgb-leipzig.de\/klasseblank\/wp-content\/uploads\/2019\/05\/image2-e1556897716244.jpg\" alt=\"\" width=\"480\" height=\"640\" srcset=\"https:\/\/www.hgb-leipzig.de\/klasseblank\/wp-content\/uploads\/2019\/05\/image2-e1556897716244.jpg 480w, https:\/\/www.hgb-leipzig.de\/klasseblank\/wp-content\/uploads\/2019\/05\/image2-e1556897716244-225x300.jpg 225w\" sizes=\"(max-width: 480px) 100vw, 480px\" \/> <img decoding=\"async\" loading=\"lazy\" class=\"alignnone size-full wp-image-3842\" src=\"https:\/\/www.hgb-leipzig.de\/klasseblank\/wp-content\/uploads\/2019\/05\/image1-e1556897756599.jpg\" alt=\"\" width=\"480\" height=\"640\" srcset=\"https:\/\/www.hgb-leipzig.de\/klasseblank\/wp-content\/uploads\/2019\/05\/image1-e1556897756599.jpg 480w, https:\/\/www.hgb-leipzig.de\/klasseblank\/wp-content\/uploads\/2019\/05\/image1-e1556897756599-225x300.jpg 225w\" sizes=\"(max-width: 480px) 100vw, 480px\" \/><\/p>\n<h1><\/h1>\n<p>&nbsp;<\/p>\n","protected":false},"excerpt":{"rendered":"<p>Gruppenausstellung \/ Group Show VAR13 Jessica Arseneau, Leila Brinkmann, Marlene Franz, Felix Grabe, Friedrich Jacob G\u00fcnther, Taemen Jung, Leonard Korbus, Lisa Kottkamp, Anna Raczynska, Snow, Malte Urban, Andrea Garcia Vasquez 10.05.2019, 18:00 &#8211; Er\u00f6ffnung | Opening 11.05, 12.05, 15.05, 16.05, 17.05, 15:00-20:00 &#8211; \u00d6ffnungszeiten | Opening hours 18.05.2019, 18:00 &#8211; Finissage Westpol Airspace: Heilandskirche Plagwitz, &hellip; <a href=\"https:\/\/www.hgb-leipzig.de\/klasseblank\/?page_id=3841\">Continued<\/a><\/p>\n","protected":false},"author":1,"featured_media":0,"parent":0,"menu_order":19,"comment_status":"closed","ping_status":"closed","template":"","meta":[],"acf":[],"_links":{"self":[{"href":"https:\/\/www.hgb-leipzig.de\/klasseblank\/index.php?rest_route=\/wp\/v2\/pages\/3841"}],"collection":[{"href":"https:\/\/www.hgb-leipzig.de\/klasseblank\/index.php?rest_route=\/wp\/v2\/pages"}],"about":[{"href":"https:\/\/www.hgb-leipzig.de\/klasseblank\/index.php?rest_route=\/wp\/v2\/types\/page"}],"author":[{"embeddable":true,"href":"https:\/\/www.hgb-leipzig.de\/klasseblank\/index.php?rest_route=\/wp\/v2\/users\/1"}],"replies":[{"embeddable":true,"href":"https:\/\/www.hgb-leipzig.de\/klasseblank\/index.php?rest_route=%2Fwp%2Fv2%2Fcomments&post=3841"}],"version-history":[{"count":8,"href":"https:\/\/www.hgb-leipzig.de\/klasseblank\/index.php?rest_route=\/wp\/v2\/pages\/3841\/revisions"}],"predecessor-version":[{"id":4174,"href":"https:\/\/www.hgb-leipzig.de\/klasseblank\/index.php?rest_route=\/wp\/v2\/pages\/3841\/revisions\/4174"}],"wp:attachment":[{"href":"https:\/\/www.hgb-leipzig.de\/klasseblank\/index.php?rest_route=%2Fwp%2Fv2%2Fmedia&parent=3841"}],"curies":[{"name":"wp","href":"https:\/\/api.w.org\/{rel}","templated":true}]}}