{"id":3530,"date":"2018-06-25T13:41:05","date_gmt":"2018-06-25T11:41:05","guid":{"rendered":"http:\/\/www.hgb-leipzig.de\/klasseblank\/?page_id=3530"},"modified":"2020-02-27T20:58:27","modified_gmt":"2020-02-27T19:58:27","slug":"its-just-a-matter-of-utility","status":"publish","type":"page","link":"https:\/\/www.hgb-leipzig.de\/klasseblank\/?page_id=3530","title":{"rendered":"It&#8217;s Just A Matter Of Utility (2018)"},"content":{"rendered":"<p>&nbsp;<\/p>\n<p><a href=\"https:\/\/www.hgb-leipzig.de\/klasseblank\/wp-content\/uploads\/2018\/06\/image2-e1529926745207.jpg\"><img decoding=\"async\" loading=\"lazy\" class=\"alignnone size-full wp-image-3532\" src=\"https:\/\/www.hgb-leipzig.de\/klasseblank\/wp-content\/uploads\/2018\/06\/image2-e1529926745207.jpg\" alt=\"image2\" width=\"640\" height=\"480\" srcset=\"https:\/\/www.hgb-leipzig.de\/klasseblank\/wp-content\/uploads\/2018\/06\/image2-e1529926745207.jpg 640w, https:\/\/www.hgb-leipzig.de\/klasseblank\/wp-content\/uploads\/2018\/06\/image2-e1529926745207-300x225.jpg 300w\" sizes=\"(max-width: 640px) 100vw, 640px\" \/><\/a><\/p>\n<p>&nbsp;<\/p>\n<p>&nbsp;<\/p>\n<p>&nbsp;<\/p>\n<p><a href=\"https:\/\/www.hgb-leipzig.de\/klasseblank\/wp-content\/uploads\/2018\/06\/image1-e1529926762879.jpg\"><img decoding=\"async\" loading=\"lazy\" class=\"alignnone size-full wp-image-3533\" src=\"https:\/\/www.hgb-leipzig.de\/klasseblank\/wp-content\/uploads\/2018\/06\/image1-e1529926762879.jpg\" alt=\"image1\" width=\"640\" height=\"480\" srcset=\"https:\/\/www.hgb-leipzig.de\/klasseblank\/wp-content\/uploads\/2018\/06\/image1-e1529926762879.jpg 640w, https:\/\/www.hgb-leipzig.de\/klasseblank\/wp-content\/uploads\/2018\/06\/image1-e1529926762879-300x225.jpg 300w\" sizes=\"(max-width: 640px) 100vw, 640px\" \/><\/a><\/p>\n<p class=\"Standard1\"><span lang=\"EN-US\">Images by <strong><a href=\"http:\/\/www.andreagarciavasquez.com\">Andrea Garcia Vasquez<\/a><\/strong><\/span><\/p>\n<p class=\"Standard1\"><b><span lang=\"EN-US\">\u00a0<\/span><\/b><\/p>\n<h1 class=\"Standard1\"><b>Ein 24h-Ausstellungsprojekt der Klasse Installation und Raum am Lindenauer Hafen in Leipzig.<\/b><\/h1>\n<h1 class=\"p1\">Jessica Arseneau, Johanna Blank, Jens Dickemann, Hyunjung Han, Martin Haufe,Taemen Jung, Jakob Limmer, Lisa Kottkamp, Jihee Moon, Toni Mosebach, Andrea Garcia Vasquez, vonbrota, Kay Yoon, Kai-Hendrik Windeler<\/h1>\n<h1 class=\"Standard1\"><strong>\u00d6ffnungszeiten: Freitag, 29.6.2018 18.00 Uhr bis Samstag, 30.6.2018 18.00 Uhr<\/strong><\/h1>\n<p>&nbsp;<\/p>\n<h1 class=\"Standard1\">In\u00a0<b><em>IT\u2019S JUST A MATTER OF UTILITY<\/em>\u00a0<\/b>steht die Auseinandersetzung mit einem nicht kunst-institutionellen Ort im Vordergrund, speziell mit einer Brachfl\u00e4che im Au\u00dfenraum. Der franz\u00f6sische Philosoph und G\u00e4rtner Gilles Cl\u00e9ment bezeichnet in seinem Manifest den Zustand der Brache als \u201edritte Landschaft\u201c. Er beschreibt diese als einen Ort der Vielfalt und Komplexit\u00e4t. Oderist die Ruine die Rache der Natur f\u00fcr die Vergewaltigung durch den Geist &#8211; wie es Hartmut B\u00f6hme in seiner \u00e4sthetischen Theorie der Ruine formuliert hat?<\/h1>\n<h1 class=\"Standard1\">Der zeitgen\u00f6ssische Kunstbetrieb in seiner Vielfalt wird zunehmend als ein relevanter Akteur von Raumpolitiken verstanden. Als Folge der Digitalisierung unserer Welt beobachten wir einen <i>Kosmopolitismus<\/i>, der zu einer beschleunigten Diversivierung von K\u00f6rpern, R\u00e4umen und Territorien f\u00fchrt. Die daraus folgenden Restrukturierungen in lokalen st\u00e4dtischen Lebensr\u00e4umen werden f\u00fcr ihre Bewohner*innen unmittelbar erfahrbar. Davon sind betroffen K\u00fcnstler*innen, die als Stadtforscher*innen mit ihren \u201eseismographischen\u201c F\u00e4higkeiten urbane Transformationsprozesse aufsp\u00fcren und sich ihre <i>L\u00fccken\u00a0<\/i>nutzbar machen. Zugleich ist der vielf\u00e4ltige Betrieb der zeitgen\u00f6ssischen Kunst ein konstitutiver Teil dieser Entwicklungen: manchmal zuf\u00e4llig und oft organisiert<i>.<\/i>Ob nun im <i>Neuen Berlin\u00a0<\/i>nach der Jahrtausendwende, der <i>Shrinking City\u00a0<\/i>Leipzig, dem <i>Hype-zig\u00a0<\/i>der Gegenwart und in der <i>Nach-Documenta-Stadt\u00a0<\/i>Athen, eine kritische Reflektion der Rahmenbedingungen von st\u00e4dtischem Zerfall, Wiederbelebung, Freiraum, Raumknappheit und Krise erscheint dringend notwendig zu sein.<\/h1>\n<h1 class=\"Standard1\">Ein Ausgangspunkt des Ausstellungsprojekts ist der Begriff der <i>Transformation\u00a0<\/i>als ein Verweis auf Zwischenzust\u00e4nde von Orten, die im \u00dcbergang von einer Nutzbarmachung zu einer anderen stehen. Speziell die Reaktion auf die Begebenheiten der einmaligen, historisch vielfach beschriebenen Brache um das Geb\u00e4ude am Lindenauer Hafen in Leipzig soll eine Besch\u00e4ftigung mit der Vergangenheit, dem Status Quo dieses spezifischen Orts und vor allem seiner m\u00f6glichen Zuk\u00fcnfte spielerisch erm\u00f6glichen. Das schlie\u00dft sowohl die Flexibilit\u00e4t in der k\u00fcnstlerischen Praxis als auch die Organisation der formalen Situation, wie Stromerzeugung und Licht ein.<\/h1>\n<p class=\"Standard1\">Hochschule f\u00fcr Grafik und Buchkunst Leipzig<\/p>\n<p class=\"Standard1\">Klasse Installation und Raum<\/p>\n<p class=\"Standard1\">Prof. Joachim Blank, Klara Meinhardt<\/p>\n<p class=\"Standard1\"><a href=\"mailto:info@klasseblank.de\">info@klasseblank.de<\/a><\/p>\n<p class=\"Standard1\"><a href=\"https:\/\/www.hgb-leipzig.de\/klasseblank\">https:\/\/www.hgb-leipzig.de\/klasseblank<\/a><\/p>\n<p>&nbsp;<\/p>\n<p>&nbsp;<\/p>\n","protected":false},"excerpt":{"rendered":"<p>&nbsp; &nbsp; &nbsp; &nbsp; Images by Andrea Garcia Vasquez \u00a0 Ein 24h-Ausstellungsprojekt der Klasse Installation und Raum am Lindenauer Hafen in Leipzig. Jessica Arseneau, Johanna Blank, Jens Dickemann, Hyunjung Han, Martin Haufe,Taemen Jung, Jakob Limmer, Lisa Kottkamp, Jihee Moon, Toni Mosebach, Andrea Garcia Vasquez, vonbrota, Kay Yoon, Kai-Hendrik Windeler \u00d6ffnungszeiten: Freitag, 29.6.2018 18.00 Uhr bis &hellip; <a href=\"https:\/\/www.hgb-leipzig.de\/klasseblank\/?page_id=3530\">Continued<\/a><\/p>\n","protected":false},"author":1,"featured_media":0,"parent":0,"menu_order":21,"comment_status":"closed","ping_status":"closed","template":"","meta":[],"acf":[],"_links":{"self":[{"href":"https:\/\/www.hgb-leipzig.de\/klasseblank\/index.php?rest_route=\/wp\/v2\/pages\/3530"}],"collection":[{"href":"https:\/\/www.hgb-leipzig.de\/klasseblank\/index.php?rest_route=\/wp\/v2\/pages"}],"about":[{"href":"https:\/\/www.hgb-leipzig.de\/klasseblank\/index.php?rest_route=\/wp\/v2\/types\/page"}],"author":[{"embeddable":true,"href":"https:\/\/www.hgb-leipzig.de\/klasseblank\/index.php?rest_route=\/wp\/v2\/users\/1"}],"replies":[{"embeddable":true,"href":"https:\/\/www.hgb-leipzig.de\/klasseblank\/index.php?rest_route=%2Fwp%2Fv2%2Fcomments&post=3530"}],"version-history":[{"count":10,"href":"https:\/\/www.hgb-leipzig.de\/klasseblank\/index.php?rest_route=\/wp\/v2\/pages\/3530\/revisions"}],"predecessor-version":[{"id":4175,"href":"https:\/\/www.hgb-leipzig.de\/klasseblank\/index.php?rest_route=\/wp\/v2\/pages\/3530\/revisions\/4175"}],"wp:attachment":[{"href":"https:\/\/www.hgb-leipzig.de\/klasseblank\/index.php?rest_route=%2Fwp%2Fv2%2Fmedia&parent=3530"}],"curies":[{"name":"wp","href":"https:\/\/api.w.org\/{rel}","templated":true}]}}