{"id":3336,"date":"2018-02-12T08:52:47","date_gmt":"2018-02-12T07:52:47","guid":{"rendered":"http:\/\/www.hgb-leipzig.de\/klasseblank\/?page_id=3336"},"modified":"2018-06-25T13:36:18","modified_gmt":"2018-06-25T11:36:18","slug":"the-present-agreement","status":"publish","type":"page","link":"https:\/\/www.hgb-leipzig.de\/klasseblank\/?page_id=3336","title":{"rendered":"The Present Agreement &#8211; HGB Rundgang 2018"},"content":{"rendered":"<h1><a href=\"https:\/\/www.hgb-leipzig.de\/klasseblank\/wp-content\/uploads\/2018\/02\/Flyer-Rundgang-20181.jpg\"><img decoding=\"async\" loading=\"lazy\" class=\"alignnone size-medium wp-image-3446\" src=\"https:\/\/www.hgb-leipzig.de\/klasseblank\/wp-content\/uploads\/2018\/02\/IMG_8656-e1518697803120-225x300.jpg\" alt=\"IMG_8656\" width=\"225\" height=\"300\" srcset=\"https:\/\/www.hgb-leipzig.de\/klasseblank\/wp-content\/uploads\/2018\/02\/IMG_8656-e1518697803120-225x300.jpg 225w, https:\/\/www.hgb-leipzig.de\/klasseblank\/wp-content\/uploads\/2018\/02\/IMG_8656-e1518697803120-768x1024.jpg 768w\" sizes=\"(max-width: 225px) 100vw, 225px\" \/>\u00a0 \u00a0 \u00a0<img decoding=\"async\" loading=\"lazy\" class=\"alignnone size-medium wp-image-3445\" src=\"https:\/\/www.hgb-leipzig.de\/klasseblank\/wp-content\/uploads\/2018\/02\/IMG_8655-300x225.jpg\" alt=\"IMG_8655\" width=\"300\" height=\"225\" srcset=\"https:\/\/www.hgb-leipzig.de\/klasseblank\/wp-content\/uploads\/2018\/02\/IMG_8655-300x225.jpg 300w, https:\/\/www.hgb-leipzig.de\/klasseblank\/wp-content\/uploads\/2018\/02\/IMG_8655-1024x768.jpg 1024w\" sizes=\"(max-width: 300px) 100vw, 300px\" \/><\/a><\/h1>\n<h1><a href=\"https:\/\/www.hgb-leipzig.de\/klasseblank\/wp-content\/uploads\/2018\/02\/IMG_8655.jpg\"><img decoding=\"async\" loading=\"lazy\" class=\"alignnone size-medium wp-image-3445\" src=\"https:\/\/www.hgb-leipzig.de\/klasseblank\/wp-content\/uploads\/2018\/02\/IMG_8655-300x225.jpg\" alt=\"IMG_8655\" width=\"300\" height=\"225\" srcset=\"https:\/\/www.hgb-leipzig.de\/klasseblank\/wp-content\/uploads\/2018\/02\/IMG_8655-300x225.jpg 300w, https:\/\/www.hgb-leipzig.de\/klasseblank\/wp-content\/uploads\/2018\/02\/IMG_8655-1024x768.jpg 1024w\" sizes=\"(max-width: 300px) 100vw, 300px\" \/><\/a>\u00a0 \u00a0 \u00a0<a href=\"https:\/\/www.hgb-leipzig.de\/klasseblank\/wp-content\/uploads\/2018\/02\/IMG_8654.jpg\"><img decoding=\"async\" loading=\"lazy\" class=\"alignnone size-medium wp-image-3444\" src=\"https:\/\/www.hgb-leipzig.de\/klasseblank\/wp-content\/uploads\/2018\/02\/IMG_8654-300x225.jpg\" alt=\"IMG_8654\" width=\"300\" height=\"225\" srcset=\"https:\/\/www.hgb-leipzig.de\/klasseblank\/wp-content\/uploads\/2018\/02\/IMG_8654-300x225.jpg 300w, https:\/\/www.hgb-leipzig.de\/klasseblank\/wp-content\/uploads\/2018\/02\/IMG_8654-1024x768.jpg 1024w\" sizes=\"(max-width: 300px) 100vw, 300px\" \/><\/a><\/h1>\n<p>&nbsp;<\/p>\n<p><a href=\"https:\/\/www.hgb-leipzig.de\/klasseblank\/wp-content\/uploads\/2018\/02\/IMG_8653-e1518697735170.jpg\"><img decoding=\"async\" loading=\"lazy\" class=\" size-medium wp-image-3443 alignnone\" src=\"https:\/\/www.hgb-leipzig.de\/klasseblank\/wp-content\/uploads\/2018\/02\/IMG_8653-e1518697735170-225x300.jpg\" alt=\"IMG_8653\" width=\"225\" height=\"300\" srcset=\"https:\/\/www.hgb-leipzig.de\/klasseblank\/wp-content\/uploads\/2018\/02\/IMG_8653-e1518697735170-225x300.jpg 225w, https:\/\/www.hgb-leipzig.de\/klasseblank\/wp-content\/uploads\/2018\/02\/IMG_8653-e1518697735170-768x1024.jpg 768w\" sizes=\"(max-width: 225px) 100vw, 225px\" \/>\u00a0 \u00a0 \u00a0 \u00a0 <img decoding=\"async\" loading=\"lazy\" class=\"alignnone  wp-image-3379\" src=\"https:\/\/www.hgb-leipzig.de\/klasseblank\/wp-content\/uploads\/2018\/02\/Flyer-Rundgang-20181-212x300.jpg\" alt=\"Flyer Rundgang 2018\" width=\"200\" height=\"283\" srcset=\"https:\/\/www.hgb-leipzig.de\/klasseblank\/wp-content\/uploads\/2018\/02\/Flyer-Rundgang-20181-212x300.jpg 212w, https:\/\/www.hgb-leipzig.de\/klasseblank\/wp-content\/uploads\/2018\/02\/Flyer-Rundgang-20181-724x1024.jpg 724w\" sizes=\"(max-width: 200px) 100vw, 200px\" \/><\/a><\/p>\n<h1><\/h1>\n<h1><\/h1>\n<h1><span style=\"font-family: 'Liberation Sans', sans-serif;\"><b>THE PRESENT AGREEMENT<\/b><\/span><\/h1>\n<h1><span style=\"font-family: 'Liberation Sans', sans-serif;\">Pure Gift<\/span><\/h1>\n<h1><em>&#8220;Du hast ein Kunstwerk gemacht und gibst es mir; Du gibst es mir ohne festgesetzten Preis. Wir handeln nicht darum. Nach einer gewissen Zeit beschlie\u00dfe ich, dir etwas zur\u00fcckzugeben und schenke Dir irgend etwas. Dieses nun ist der Geist der Gabe: Wir mischen die Leben ineinander und so verlassen wir und die Dinge unsere jeweiligen Sph\u00e4ren. Im Grunde ist es ein einziger Umlauf, weil man sich und seine Besitzt\u00fcmer den anderen schuldet.&#8221; \u00a0<\/em><\/h1>\n<h1>(frei nach Marcel Mauss)<\/h1>\n<h1>\/\/\/\/\/\/\/\/\/\/\/\/\/\/\/\/\/\/\/\/\/\/\/\/\/\/\/\/\/\/\/\/\/\/\/\/\/\/\/\/\/\/\/\/\/\/\/\/\/\/\/\/\/\/\/\/\/\/\/\/\/\/\/\/\/\/\/\/\/\/\/\/\/\/\/\/\/\/\/\/\/\/\/\/\/\/\/\/\/\/\/\/\/\/\/\/\/\/\/\/\/\/<\/h1>\n<p>&nbsp;<\/p>\n<h1><b class=\"\">K\u00fcnstler*innen:<\/b><\/h1>\n<h1><b class=\"\">Jessica Arseneau,\u00a0<\/b><b class=\"\">Jaeyong Choi,\u00a0Friedrich G\u00fcnther,\u00a0Marlet Heckhoff,\u00a0Christian Holze,\u00a0<\/b><b class=\"\">Taemen Jung,\u00a0<\/b><b class=\"\">Alexander Klaubert,\u00a0Leonard Korbus,\u00a0Lisa Kottkamp,\u00a0<\/b><b class=\"\">Slavica Radic Lemac,\u00a0Jakob Limmer,\u00a0<\/b><b class=\"\">Jihee Moon,\u00a0<\/b><b class=\"\">Toni Mosebach,\u00a0Kiki Posch,\u00a0Carsten Saeger,\u00a0<\/b><b class=\"\">Andrea Garcia Vasquez,\u00a0<\/b><b class=\"\">Yana Zschiedrich<\/b><\/h1>\n<h1><b class=\"\">Ein Projekt der Klasse f\u00fcr Installation und Raum (Prof. Joachim Blank) in Zusammenarbeit mit Klara Meinhardt\u00a0<\/b><\/h1>\n<h1><\/h1>\n<h1><b class=\"\">Er\u00f6ffnung zum HGB Rundgang, Donnerstag, 15.2.2018 ab 18 Uhr<\/b><\/h1>\n<h1><b class=\"\">\u00d6ffnungszeiten: Freitag, Samstag und Sonntag w\u00e4hrend des HGB Rundgangs<\/b><\/h1>\n<h1><\/h1>\n<h1>Studierende der Klasse besch\u00e4ftigten sich im Wintersemester mit\u00a0<i class=\"\">appropriation art<\/i>\u00a0und\u00a0<i class=\"\">cultural appropriation<\/i>.\u00a0In Auseinandersetzung mit verschiedenen\u00a0Strategien der Aneignung\u00a0inspirierte\u00a0das Konzept des\u00a0<i class=\"\">Potlatch<\/i>\u00a0das Projekt\u00a0<i class=\"\">The Present Agreement<\/i>\u00a0f\u00fcr den HGB Rundgang.<\/h1>\n<h1>Potlatches &#8211; von\u00a0den\u00a0First Nations\u00a0in den K\u00fcstenregionen des nordwestlichen Amerika bis Mitte des 19. Jahrhunderts praktiziert, wurden als ritualisierte \u201eFeste des Schenkens\u201c bekannt.<\/h1>\n<h1>Aus dem\u00a0Zyklus\u00a0des Schenkens,\u00a0Gebens, Annehmens\u00a0und Erwiderns entwickelt sich ein soziales System der Wertezirkulation, indem soziale Interaktionen\u00a0und Hierarchien der Beteiligten\u00a0offengelegt werden.\u00a0In den 20er Jahren des 20. Jahrhunderts ver\u00f6ffentlichte der franz\u00f6sische Soziologe und Ethnologie Marcel Mauss\u00a0unter der Analyse des Potlatches\u00a0eine Theorie der\u00a0Gabe.\u00a0Der Begriff \u201eSchenk\u00f6konomie\u201c wurde zuletzt durch die Idee des Teilens im Internet aktualisiert,\u00a0wobei Werte wie Aufmerksamkeit und private Daten zu einer W\u00e4hrung wurden.<\/h1>\n<h1>Dies inspirierte uns, Konzepte von Kommunikation, sozialen Interaktionen und Verbindungen zwischen K\u00fcnstlern, Kunstwerken und Sammlern als Werteaustausch zu diskutieren.<br class=\"\" \/>Der HGB Rundgang hat sich im Lauf der Jahre einem j\u00e4hrlichen Ritual und einem spezifischen Format der Kunstpr\u00e4sentation entwickelt &#8211; es werden nicht nur Kunstwerke gezeigt,\u00a0diskutiert und ver\u00e4u\u00dfert, sondern es zeigt sich auch ein interessiertes Publikum, dass Anteil an der Werteproduktion durch zeitgen\u00f6ssische Kunst nehmen will.<br class=\"\" \/><i class=\"\">The Present Agreement<\/i>\u00a0als ein Gemeinschaftsprojekt der Klasse,\u00a0greift dieses Bed\u00fcrfnis auf, bietet ihre Kunstwerke als Geschenke dem Publikum des Rundgangs an.\u00a0Jeder Besucher\u00a0k\u00f6nnte Eigent\u00fcmer*in eines echten, authentischen Kunstwerks sein &#8211; ohne vordergr\u00fcndige Auflagen.<\/h1>\n<h1>In Kisten verpackt und mit \u201eFrachtzetteln\u201c versehen, sind die Arbeiten als Installation\u00a0im Raum inszeniert und bereit zur Auslieferung.<\/h1>\n<div class=\"\"><br class=\"\" \/><b class=\"\"><\/b><\/p>\n<div class=\"\"><strong><a class=\"\" href=\"https:\/\/www.hgb-leipzig.de\/klasseblank\">https:\/\/www.hgb-leipzig.de\/klasseblank<\/a><\/strong><\/div>\n<div class=\"\">\n<div class=\"\"><strong><span class=\"\"><span style=\"font-family: HelveticaNeue;\"><a class=\"\" href=\"mailto:info@klasseblank.de\">info@klasseblank.de<\/a><\/span><\/span><\/strong><\/div>\n<\/div>\n<\/div>\n","protected":false},"excerpt":{"rendered":"<p>\u00a0 \u00a0 \u00a0 \u00a0 \u00a0 \u00a0 &nbsp; \u00a0 \u00a0 \u00a0 \u00a0 THE PRESENT AGREEMENT Pure Gift &#8220;Du hast ein Kunstwerk gemacht und gibst es mir; Du gibst es mir ohne festgesetzten Preis. Wir handeln nicht darum. Nach einer gewissen Zeit beschlie\u00dfe ich, dir etwas zur\u00fcckzugeben und schenke Dir irgend etwas. Dieses nun ist der Geist &hellip; <a href=\"https:\/\/www.hgb-leipzig.de\/klasseblank\/?page_id=3336\">Continued<\/a><\/p>\n","protected":false},"author":1,"featured_media":0,"parent":0,"menu_order":22,"comment_status":"closed","ping_status":"closed","template":"","meta":[],"acf":[],"_links":{"self":[{"href":"https:\/\/www.hgb-leipzig.de\/klasseblank\/index.php?rest_route=\/wp\/v2\/pages\/3336"}],"collection":[{"href":"https:\/\/www.hgb-leipzig.de\/klasseblank\/index.php?rest_route=\/wp\/v2\/pages"}],"about":[{"href":"https:\/\/www.hgb-leipzig.de\/klasseblank\/index.php?rest_route=\/wp\/v2\/types\/page"}],"author":[{"embeddable":true,"href":"https:\/\/www.hgb-leipzig.de\/klasseblank\/index.php?rest_route=\/wp\/v2\/users\/1"}],"replies":[{"embeddable":true,"href":"https:\/\/www.hgb-leipzig.de\/klasseblank\/index.php?rest_route=%2Fwp%2Fv2%2Fcomments&post=3336"}],"version-history":[{"count":26,"href":"https:\/\/www.hgb-leipzig.de\/klasseblank\/index.php?rest_route=\/wp\/v2\/pages\/3336\/revisions"}],"predecessor-version":[{"id":3529,"href":"https:\/\/www.hgb-leipzig.de\/klasseblank\/index.php?rest_route=\/wp\/v2\/pages\/3336\/revisions\/3529"}],"wp:attachment":[{"href":"https:\/\/www.hgb-leipzig.de\/klasseblank\/index.php?rest_route=%2Fwp%2Fv2%2Fmedia&parent=3336"}],"curies":[{"name":"wp","href":"https:\/\/api.w.org\/{rel}","templated":true}]}}