{"id":2792,"date":"2017-04-20T10:59:17","date_gmt":"2017-04-20T08:59:17","guid":{"rendered":"http:\/\/www.hgb-leipzig.de\/klasseblank\/?page_id=2792"},"modified":"2020-02-27T20:59:20","modified_gmt":"2020-02-27T19:59:20","slug":"operationgrenze","status":"publish","type":"page","link":"https:\/\/www.hgb-leipzig.de\/klasseblank\/?page_id=2792","title":{"rendered":"Operation Grenze (2017)"},"content":{"rendered":"<h1>Eine Ausstellung der Hochschule f\u00fcr Grafik und Buchkunst Leipzig (HGB) am ehemaligen\u00a0Grenz\u00fcbergang Marienborn<\/h1>\n<div class=\"\">\n<div class=\"\">\n<div class=\"\">\n<p>Die DDR-Grenz\u00fcbergangsstelle Marienborn war der gr\u00f6\u00dfte und bedeutendste Grenz\u00fcbergang zwischen der Bundesrepublik und der DDR. Heute markiert der erhaltene Komplex von originalen Bauzeugnissen und Raumstrukturen die Gedenkst\u00e4tte Deutsche Teilung Marienborn. Die Ausstellung \u201eOperation Grenze\u201c befragt mit k\u00fcnstlerischen Mitteln die Spezifik des Ortes, den unterschiedlichen zeitlichen Schichtungen und\u00a0seine G\u00fcltigkeit f\u00fcr aktuelle Diskurse.<\/p>\n<div class=\"\"><\/div>\n<div class=\"\">\u201eOperation Grenze\u201c wird\u00a0organisiert von Prof. Joachim Blank, Fabian Bechtle und Prof. Dr. Dieter Daniels in Zusammenarbeit mit der Gedenkst\u00e4tte Deutsche Teilung Marienborn.<\/div>\n<div class=\"\"><\/div>\n<div class=\"\"><strong>Die Ausstellung er\u00f6ffnet zum 40. Internationalen Museumstag am 21. Mai 2017 um 14 Uhr.<\/strong><\/div>\n<div class=\"\"><\/div>\n<div class=\"\">K\u00fcnstlerinnen und K\u00fcnstler der Ausstellung:<\/div>\n<div class=\"\"><strong>Jessica Arseneau, Fabian Bechtle, Sven Bergelt, Joachim Blank, Jaeyong Choi, Fabia Fr\u00f6hlich, Mandy Gehrt, Zaida Guerrero Casado, Marlet Heckhoff, Frank Holbein, Christian Holze, Geeske Jan\u00dfen, Leonard Korbus &amp; Christoph G\u00f6rke, Bernadette Keating, Elva Lai, Alexander Lorenz, Slavica Radic Lemac, Carsten Saeger, Soenke Thaden, Malte Urban, Rahel Zaugg<\/strong><\/div>\n<\/div>\n<\/div>\n<\/div>\n<div class=\"\">\n<div class=\"\">\n<div class=\"\">\n<div class=\"\"><strong>\u00a0<\/strong><\/div>\n<div class=\"\">\n<p>Gedenkst\u00e4tte Deutsche Teilung Marienborn<br class=\"\" \/>An der Bundesautobahn 2<br class=\"\" \/>39365\u00a0Marienborn<br class=\"\" \/><span style=\"color: #232323; font-size: small;\"><span class=\"\"><br class=\"\" \/><\/span><\/span>\u00d6ffnungszeiten an Wochentagen:<\/p>\n<div class=\"\">\n<div class=\"\">\n<div class=\"\">10:00 &#8211; 17:00 Uhr<\/div>\n<p>&nbsp;<\/p>\n<\/div>\n<div id=\"carousel-2792-1\" class=\"carousel slide\" data-ride=\"carousel\" data-interval=\"0\"><div class=\"carousel-inner\" role=\"listbox\"><div class=\"item active\"><img class=\"ca-img\" src=\"https:\/\/www.hgb-leipzig.de\/klasseblank\/wp-content\/uploads\/2017\/04\/zaida-guerrero-casado_02.jpeg\" width=\"1245px\" height=\"830px\" ><div class=\"carousel-caption\">Zaida Guerrero Casado<\/div><\/div><div class=\"item\"><img class=\"ca-img\" src=\"https:\/\/www.hgb-leipzig.de\/klasseblank\/wp-content\/uploads\/2017\/04\/zaida-guerrero-casado_01.jpeg\" width=\"1245px\" height=\"830px\" ><div class=\"carousel-caption\">Marlet Heckhoff (links) + Zaida Guerrero Casado (rechts)<\/div><\/div><div class=\"item\"><img class=\"ca-img\" src=\"https:\/\/www.hgb-leipzig.de\/klasseblank\/wp-content\/uploads\/2017\/04\/st_01.jpeg\" width=\"1245px\" height=\"830px\" ><div class=\"carousel-caption\">Soenke Thaden<\/div><\/div><div class=\"item\"><img class=\"ca-img\" src=\"https:\/\/www.hgb-leipzig.de\/klasseblank\/wp-content\/uploads\/2017\/04\/slavica-radic-lemac_02.jpeg\" width=\"830px\" height=\"1245px\" ><div class=\"carousel-caption\">Slavica Radic Lemac<\/div><\/div><div class=\"item\"><img class=\"ca-img\" src=\"https:\/\/www.hgb-leipzig.de\/klasseblank\/wp-content\/uploads\/2017\/04\/slavica-radic-lemac_01.jpeg\" width=\"1245px\" height=\"830px\" ><div class=\"carousel-caption\">Slavica Radic Lemac<\/div><\/div><div class=\"item\"><img class=\"ca-img\" src=\"https:\/\/www.hgb-leipzig.de\/klasseblank\/wp-content\/uploads\/2017\/04\/rahel-zaugg_03.jpeg\" width=\"1245px\" height=\"830px\" ><div class=\"carousel-caption\">Rahel Zaugg<\/div><\/div><div class=\"item\"><img class=\"ca-img\" src=\"https:\/\/www.hgb-leipzig.de\/klasseblank\/wp-content\/uploads\/2017\/04\/rahel-zaugg_01.jpeg\" width=\"830px\" height=\"1245px\" ><div class=\"carousel-caption\">Rahel Zaugg<\/div><\/div><div class=\"item\"><img class=\"ca-img\" src=\"https:\/\/www.hgb-leipzig.de\/klasseblank\/wp-content\/uploads\/2017\/04\/mh_02.jpeg\" width=\"1245px\" height=\"830px\" ><div class=\"carousel-caption\">Marlet Heckhoff<\/div><\/div><div class=\"item\"><img class=\"ca-img\" src=\"https:\/\/www.hgb-leipzig.de\/klasseblank\/wp-content\/uploads\/2017\/04\/mg_01.jpeg\" width=\"1245px\" height=\"830px\" ><div class=\"carousel-caption\">Mandy Gehrt<\/div><\/div><div class=\"item\"><img class=\"ca-img\" src=\"https:\/\/www.hgb-leipzig.de\/klasseblank\/wp-content\/uploads\/2017\/04\/marlet-heckhoff_01.jpeg\" width=\"830px\" height=\"1245px\" ><div class=\"carousel-caption\">Marler Heckhoff<\/div><\/div><div class=\"item\"><img class=\"ca-img\" src=\"https:\/\/www.hgb-leipzig.de\/klasseblank\/wp-content\/uploads\/2017\/04\/mandy-gehrt_05.jpeg\" width=\"1245px\" height=\"830px\" ><div class=\"carousel-caption\">Mandy Gehrt<\/div><\/div><div class=\"item\"><img class=\"ca-img\" src=\"https:\/\/www.hgb-leipzig.de\/klasseblank\/wp-content\/uploads\/2017\/04\/mandy-gehrt_04.jpeg\" width=\"1245px\" height=\"830px\" ><div class=\"carousel-caption\">Mandy Gehrt<\/div><\/div><div class=\"item\"><img class=\"ca-img\" src=\"https:\/\/www.hgb-leipzig.de\/klasseblank\/wp-content\/uploads\/2017\/04\/mandy-gehrt_02.jpeg\" width=\"830px\" height=\"1245px\" ><div class=\"carousel-caption\">Mandy Gehrt<\/div><\/div><div class=\"item\"><img class=\"ca-img\" src=\"https:\/\/www.hgb-leipzig.de\/klasseblank\/wp-content\/uploads\/2017\/04\/malte-urban_01.jpeg\" width=\"830px\" height=\"1245px\" ><div class=\"carousel-caption\">Malte Urban<\/div><\/div><div class=\"item\"><img class=\"ca-img\" src=\"https:\/\/www.hgb-leipzig.de\/klasseblank\/wp-content\/uploads\/2017\/04\/leo-korbus_02.jpeg\" width=\"830px\" height=\"1245px\" ><div class=\"carousel-caption\">Leo Korbus<\/div><\/div><div class=\"item\"><img class=\"ca-img\" src=\"https:\/\/www.hgb-leipzig.de\/klasseblank\/wp-content\/uploads\/2017\/04\/leo-korbus_01.jpeg\" width=\"1245px\" height=\"830px\" ><\/div><div class=\"item\"><img class=\"ca-img\" src=\"https:\/\/www.hgb-leipzig.de\/klasseblank\/wp-content\/uploads\/2017\/04\/joachim-blank_02.jpeg\" width=\"830px\" height=\"1245px\" ><div class=\"carousel-caption\">Joachim Blank<\/div><\/div><div class=\"item\"><img class=\"ca-img\" src=\"https:\/\/www.hgb-leipzig.de\/klasseblank\/wp-content\/uploads\/2017\/04\/jb_01.jpeg\" width=\"830px\" height=\"1245px\" ><div class=\"carousel-caption\">Joachim Blank<\/div><\/div><div class=\"item\"><img class=\"ca-img\" src=\"https:\/\/www.hgb-leipzig.de\/klasseblank\/wp-content\/uploads\/2017\/04\/jessica-arseneau_03.jpeg\" width=\"1245px\" height=\"830px\" ><div class=\"carousel-caption\">Jessica Arseneau<\/div><\/div><div class=\"item\"><img class=\"ca-img\" src=\"https:\/\/www.hgb-leipzig.de\/klasseblank\/wp-content\/uploads\/2017\/04\/jessica-arseneau_01.jpeg\" width=\"1245px\" height=\"830px\" ><div class=\"carousel-caption\">Jessica Arseneau<\/div><\/div><div class=\"item\"><img class=\"ca-img\" src=\"https:\/\/www.hgb-leipzig.de\/klasseblank\/wp-content\/uploads\/2017\/04\/jaeyong-choi_03.jpeg\" width=\"1245px\" height=\"830px\" ><div class=\"carousel-caption\">Jaeyong Choi<\/div><\/div><div class=\"item\"><img class=\"ca-img\" src=\"https:\/\/www.hgb-leipzig.de\/klasseblank\/wp-content\/uploads\/2017\/04\/jaeyong-choi_01.jpeg\" width=\"1245px\" height=\"830px\" ><div class=\"carousel-caption\">Jaeyong Choi<\/div><\/div><div class=\"item\"><img class=\"ca-img\" src=\"https:\/\/www.hgb-leipzig.de\/klasseblank\/wp-content\/uploads\/2017\/04\/ja_02.jpeg\" width=\"830px\" height=\"1245px\" ><div class=\"carousel-caption\">Jessica Arseneau<\/div><\/div><div class=\"item\"><img class=\"ca-img\" src=\"https:\/\/www.hgb-leipzig.de\/klasseblank\/wp-content\/uploads\/2017\/04\/geeske-jan\u00dfen_03.jpeg\" width=\"1245px\" height=\"830px\" ><div class=\"carousel-caption\">Geeske Jansen<\/div><\/div><div class=\"item\"><img class=\"ca-img\" src=\"https:\/\/www.hgb-leipzig.de\/klasseblank\/wp-content\/uploads\/2017\/04\/geeske-jan\u00dfen_01.jpeg\" width=\"1245px\" height=\"830px\" ><div class=\"carousel-caption\">Geeske Jansen<\/div><\/div><div class=\"item\"><img class=\"ca-img\" src=\"https:\/\/www.hgb-leipzig.de\/klasseblank\/wp-content\/uploads\/2017\/04\/fabian-bechtle_encounter_marienborn.jpeg\" width=\"1280px\" height=\"854px\" ><div class=\"carousel-caption\">Fabian Bechtle<\/div><\/div><div class=\"item\"><img class=\"ca-img\" src=\"https:\/\/www.hgb-leipzig.de\/klasseblank\/wp-content\/uploads\/2017\/04\/fabia-fr\u00f6hlich_02.jpeg\" width=\"1245px\" height=\"830px\" ><div class=\"carousel-caption\">Fabia Fr\u00f6hlich<\/div><\/div><div class=\"item\"><img class=\"ca-img\" src=\"https:\/\/www.hgb-leipzig.de\/klasseblank\/wp-content\/uploads\/2017\/04\/fabia-fr\u00f6hlich_01.jpeg\" width=\"830px\" height=\"1245px\" ><div class=\"carousel-caption\">Fabia Fr\u00f6hlich<\/div><\/div><div class=\"item\"><img class=\"ca-img\" src=\"https:\/\/www.hgb-leipzig.de\/klasseblank\/wp-content\/uploads\/2017\/04\/elva-lai_03.jpeg\" width=\"1245px\" height=\"830px\" ><\/div><div class=\"item\"><img class=\"ca-img\" src=\"https:\/\/www.hgb-leipzig.de\/klasseblank\/wp-content\/uploads\/2017\/04\/elva-lai_02.jpeg\" width=\"1245px\" height=\"830px\" ><div class=\"carousel-caption\">Elva Lai<\/div><\/div><div class=\"item\"><img class=\"ca-img\" src=\"https:\/\/www.hgb-leipzig.de\/klasseblank\/wp-content\/uploads\/2017\/04\/cs_03.jpeg\" width=\"830px\" height=\"1245px\" ><div class=\"carousel-caption\">Carsten Saeger<\/div><\/div><div class=\"item\"><img class=\"ca-img\" src=\"https:\/\/www.hgb-leipzig.de\/klasseblank\/wp-content\/uploads\/2017\/04\/christian-holze_01.jpeg\" width=\"1245px\" height=\"830px\" ><div class=\"carousel-caption\">Christian Holze<\/div><\/div><div class=\"item\"><img class=\"ca-img\" src=\"https:\/\/www.hgb-leipzig.de\/klasseblank\/wp-content\/uploads\/2017\/04\/carsten-saeger_04.jpeg\" width=\"1245px\" height=\"830px\" ><div class=\"carousel-caption\">Carsten Saeger<\/div><\/div><div class=\"item\"><img class=\"ca-img\" src=\"https:\/\/www.hgb-leipzig.de\/klasseblank\/wp-content\/uploads\/2017\/04\/carsten-saeger_01.jpeg\" width=\"830px\" height=\"1245px\" ><div class=\"carousel-caption\">Carsten Saeger<\/div><\/div><div class=\"item\"><img class=\"ca-img\" src=\"https:\/\/www.hgb-leipzig.de\/klasseblank\/wp-content\/uploads\/2017\/04\/bernadette-keating_01.jpeg\" width=\"1245px\" height=\"830px\" ><div class=\"carousel-caption\">Bernadette Keating<\/div><\/div><div class=\"item\"><img class=\"ca-img\" src=\"https:\/\/www.hgb-leipzig.de\/klasseblank\/wp-content\/uploads\/2017\/04\/alexander-lorenz_02.jpeg\" width=\"1245px\" height=\"830px\" ><div class=\"carousel-caption\">Alexander Lorenz<\/div><\/div><div class=\"item\"><img class=\"ca-img\" src=\"https:\/\/www.hgb-leipzig.de\/klasseblank\/wp-content\/uploads\/2017\/04\/alexander-lorenz_01.jpeg\" width=\"830px\" height=\"1245px\" ><div class=\"carousel-caption\">Alexander Lorenz<\/div><\/div><div class=\"item\"><img class=\"ca-img\" src=\"https:\/\/www.hgb-leipzig.de\/klasseblank\/wp-content\/uploads\/2017\/04\/A1_DEF_Neu2_Seite_2.jpg\" width=\"4678px\" height=\"6623px\" ><\/div><\/div><a class=\"left carousel-control\" href=#carousel-2792-1 \" role=\"button\" data-slide=\"prev\">\n    <span class=\"glyphicon glyphicon-chevron-left\" aria-hidden=\"true\"><\/span>\n    <span class=\"sr-only\">Previous<\/span>\n  <\/a>\n  <a class=\"right carousel-control\" href=#carousel-2792-1 \" role=\"button\" data-slide=\"next\">\n    <span class=\"glyphicon glyphicon-chevron-right\" aria-hidden=\"true\"><\/span>\n    <span class=\"sr-only\">Next<\/span>\n  <\/a><\/div>\n<\/div>\n<\/div>\n<\/div>\n<\/div>\n<\/div>\n","protected":false},"excerpt":{"rendered":"<p>Eine Ausstellung der Hochschule f\u00fcr Grafik und Buchkunst Leipzig (HGB) am ehemaligen\u00a0Grenz\u00fcbergang Marienborn Die DDR-Grenz\u00fcbergangsstelle Marienborn war der gr\u00f6\u00dfte und bedeutendste Grenz\u00fcbergang zwischen der Bundesrepublik und der DDR. Heute markiert der erhaltene Komplex von originalen Bauzeugnissen und Raumstrukturen die Gedenkst\u00e4tte Deutsche Teilung Marienborn. Die Ausstellung \u201eOperation Grenze\u201c befragt mit k\u00fcnstlerischen Mitteln die Spezifik des Ortes, &hellip; <a href=\"https:\/\/www.hgb-leipzig.de\/klasseblank\/?page_id=2792\">Continued<\/a><\/p>\n","protected":false},"author":1,"featured_media":0,"parent":0,"menu_order":24,"comment_status":"closed","ping_status":"closed","template":"","meta":[],"acf":[],"_links":{"self":[{"href":"https:\/\/www.hgb-leipzig.de\/klasseblank\/index.php?rest_route=\/wp\/v2\/pages\/2792"}],"collection":[{"href":"https:\/\/www.hgb-leipzig.de\/klasseblank\/index.php?rest_route=\/wp\/v2\/pages"}],"about":[{"href":"https:\/\/www.hgb-leipzig.de\/klasseblank\/index.php?rest_route=\/wp\/v2\/types\/page"}],"author":[{"embeddable":true,"href":"https:\/\/www.hgb-leipzig.de\/klasseblank\/index.php?rest_route=\/wp\/v2\/users\/1"}],"replies":[{"embeddable":true,"href":"https:\/\/www.hgb-leipzig.de\/klasseblank\/index.php?rest_route=%2Fwp%2Fv2%2Fcomments&post=2792"}],"version-history":[{"count":23,"href":"https:\/\/www.hgb-leipzig.de\/klasseblank\/index.php?rest_route=\/wp\/v2\/pages\/2792\/revisions"}],"predecessor-version":[{"id":4176,"href":"https:\/\/www.hgb-leipzig.de\/klasseblank\/index.php?rest_route=\/wp\/v2\/pages\/2792\/revisions\/4176"}],"wp:attachment":[{"href":"https:\/\/www.hgb-leipzig.de\/klasseblank\/index.php?rest_route=%2Fwp%2Fv2%2Fmedia&parent=2792"}],"curies":[{"name":"wp","href":"https:\/\/api.w.org\/{rel}","templated":true}]}}